{"id":106506,"date":"2024-03-20T18:15:59","date_gmt":"2024-03-20T17:15:59","guid":{"rendered":"https:\/\/kustomshop.kinsta.cloud\/produkt\/adv-hit-ls-tee-m\/"},"modified":"2026-03-27T15:31:27","modified_gmt":"2026-03-27T14:31:27","slug":"adv-hit-ls-tee-m","status":"publish","type":"product","link":"https:\/\/shop.kustom.ch\/fr\/produit\/adv-hit-ls-tee-m\/","title":{"rendered":"Tee ADV HiT LS M"},"content":{"rendered":"<p>T-shirt d'entra\u00eenement \u00e0 manches longues de niveau avanc\u00e9 avec \u00e9vacuation efficace de l'humidit\u00e9 pour les entra\u00eenements quotidiens et intensifs. Fabriqu\u00e9 en jersey recycl\u00e9 doux avec une ouverture d\u00e9coup\u00e9e au laser et des \u00e9l\u00e9ments en mesh pour une meilleure ventilation. Coupe normale.<br \/>\n- Coupe normale<br \/>\n- Jersey en polyester et \u00e9lasthanne recycl\u00e9, doux et confortable<br \/>\n- Ouverture d\u00e9coup\u00e9e au laser pour une ventilation accrue<br \/>\n- \u00e9l\u00e9ments en mesh pour un excellent transfert d'humidit\u00e9<\/p>\n<p>Mati\u00e8re : Ext\u00e9rieur : 82% polyester recycl\u00e9 18% \u00e9lasthanne Dessus : 92% polyester 8% \u00e9lasthanne<\/p>","protected":false},"excerpt":{"rendered":"<p><span><\/span><\/p>","protected":false},"featured_media":106505,"template":"","meta":[],"product_brand":[],"product_cat":[4201],"product_tag":[],"class_list":{"0":"post-106506","1":"product","2":"type-product","3":"status-publish","4":"has-post-thumbnail","6":"product_cat-t-shirts","7":"pa_brand-craft-retail-sportswear","8":"pa_brand-type-sportswear","9":"pa_filter-color-blau","10":"pa_filter-color-gruen","12":"first","13":"outofstock","14":"sale","15":"taxable","16":"shipping-taxable","17":"purchasable","18":"product-type-variable","19":"add-to-wishlist-before_image"},"exclude_global_add_ons":[],"addons":[],"acf":[],"_links":{"self":[{"href":"https:\/\/shop.kustom.ch\/fr\/wp-json\/wp\/v2\/product\/106506"}],"collection":[{"href":"https:\/\/shop.kustom.ch\/fr\/wp-json\/wp\/v2\/product"}],"about":[{"href":"https:\/\/shop.kustom.ch\/fr\/wp-json\/wp\/v2\/types\/product"}],"wp:featuredmedia":[{"embeddable":true,"href":"https:\/\/shop.kustom.ch\/fr\/wp-json\/wp\/v2\/media\/106505"}],"wp:attachment":[{"href":"https:\/\/shop.kustom.ch\/fr\/wp-json\/wp\/v2\/media?parent=106506"}],"wp:term":[{"taxonomy":"product_brand","embeddable":true,"href":"https:\/\/shop.kustom.ch\/fr\/wp-json\/wp\/v2\/product_brand?post=106506"},{"taxonomy":"product_cat","embeddable":true,"href":"https:\/\/shop.kustom.ch\/fr\/wp-json\/wp\/v2\/product_cat?post=106506"},{"taxonomy":"product_tag","embeddable":true,"href":"https:\/\/shop.kustom.ch\/fr\/wp-json\/wp\/v2\/product_tag?post=106506"}],"curies":[{"name":"wp","href":"https:\/\/api.w.org\/{rel}","templated":true}]}}