{"id":106486,"date":"2024-03-20T18:15:52","date_gmt":"2024-03-20T17:15:52","guid":{"rendered":"https:\/\/kustomshop.kinsta.cloud\/produkt\/adv-essence-warm-vest-m\/"},"modified":"2026-03-27T14:33:19","modified_gmt":"2026-03-27T13:33:19","slug":"adv-essence-warm-vest-m","status":"publish","type":"product","link":"https:\/\/shop.kustom.ch\/fr\/produit\/adv-essence-warm-vest-m\/","title":{"rendered":"ADV Essence Warm Vest M"},"content":{"rendered":"<p>Gilet de sport chaud et polyvalent avec rembourrage \u00e0 l'avant et mat\u00e9riau coupe-vent \u00e0 l'avant et dans la partie sup\u00e9rieure des manches. Trou pour le pouce \u00e0 l'extr\u00e9mit\u00e9 des manches et deux poches lat\u00e9rales avec fermeture \u00e9clair.<\/p>\n<p>Mat\u00e9riau : Poitrine et manches sup\u00e9rieures ; Avant100% Polyester Arri\u00e8re 100% Polyur\u00e9thane Arri\u00e8re Corpsand Manches inf\u00e9rieures ; 89% Polyester recycl\u00e9 11% Elasthanne Rembourrage ; 100% Polyester<\/p>","protected":false},"excerpt":{"rendered":"<p><span><\/span><\/p>","protected":false},"featured_media":106485,"template":"","meta":[],"product_brand":[],"product_cat":[4208],"product_tag":[],"class_list":{"0":"post-106486","1":"product","2":"type-product","3":"status-publish","4":"has-post-thumbnail","6":"product_cat-westen","7":"pa_brand-craft-retail-sportswear","8":"pa_brand-type-sportswear","9":"pa_filter-color-gruen","10":"pa_filter-color-schwarz","12":"first","13":"outofstock","14":"sale","15":"taxable","16":"shipping-taxable","17":"purchasable","18":"product-type-variable","19":"add-to-wishlist-before_image"},"exclude_global_add_ons":[],"addons":[],"acf":[],"_links":{"self":[{"href":"https:\/\/shop.kustom.ch\/fr\/wp-json\/wp\/v2\/product\/106486"}],"collection":[{"href":"https:\/\/shop.kustom.ch\/fr\/wp-json\/wp\/v2\/product"}],"about":[{"href":"https:\/\/shop.kustom.ch\/fr\/wp-json\/wp\/v2\/types\/product"}],"wp:featuredmedia":[{"embeddable":true,"href":"https:\/\/shop.kustom.ch\/fr\/wp-json\/wp\/v2\/media\/106485"}],"wp:attachment":[{"href":"https:\/\/shop.kustom.ch\/fr\/wp-json\/wp\/v2\/media?parent=106486"}],"wp:term":[{"taxonomy":"product_brand","embeddable":true,"href":"https:\/\/shop.kustom.ch\/fr\/wp-json\/wp\/v2\/product_brand?post=106486"},{"taxonomy":"product_cat","embeddable":true,"href":"https:\/\/shop.kustom.ch\/fr\/wp-json\/wp\/v2\/product_cat?post=106486"},{"taxonomy":"product_tag","embeddable":true,"href":"https:\/\/shop.kustom.ch\/fr\/wp-json\/wp\/v2\/product_tag?post=106486"}],"curies":[{"name":"wp","href":"https:\/\/api.w.org\/{rel}","templated":true}]}}