{"id":106478,"date":"2024-03-20T18:15:47","date_gmt":"2024-03-20T17:15:47","guid":{"rendered":"https:\/\/kustomshop.kinsta.cloud\/produkt\/pro-trail-2in1-skirt-w\/"},"modified":"2026-03-27T14:31:56","modified_gmt":"2026-03-27T13:31:56","slug":"pro-trail-2in1-skirt-w","status":"publish","type":"product","link":"https:\/\/shop.kustom.ch\/fr\/produit\/pro-trail-2in1-skirt-w\/","title":{"rendered":"PRO Trail 2in1 Skirt W"},"content":{"rendered":"<p>\u201eShort de trail running 2 en 1 pour les professionnels, en mati\u00e8re stretch 4 voies robuste et r\u00e9sistante, recycl\u00e9e. Avec plusieurs poches pratiques.<br \/>\n- Mati\u00e8re de la coque r\u00e9sistante et extensible dans les 4 sens en polyester recycl\u00e9<br \/>\n- Passants pratiques sur la ceinture \u00e0 l'arri\u00e8re pour ranger le gel<br \/>\n-collier adaptateur pour \u00e9viter les frottements<br \/>\n-Ceinture large pour un ajustement optimal<br \/>\n-trois poches \u00e0 l'arri\u00e8re<br \/>\n-slip int\u00e9rieur en jersey polyamide offrant un excellent maintien dans tous les mouvements<br \/>\n-poche pour t\u00e9l\u00e9phone portable sur la jambe droite du slip int\u00e9rieur<br \/>\n-Logo Craft Trail sur la jambe droite\u201c.\u201c<\/p>\n<p>Mati\u00e8re : Ext\u00e9rieur : 90% polyester recycl\u00e9 10% \u00e9lasthanne Doublure : 72% polyamide recycl\u00e9 28% \u00e9lasthanne<\/p>","protected":false},"excerpt":{"rendered":"<p><span><\/span><\/p>","protected":false},"featured_media":106477,"template":"","meta":[],"product_brand":[],"product_cat":[4198],"product_tag":[],"class_list":{"0":"post-106478","1":"product","2":"type-product","3":"status-publish","4":"has-post-thumbnail","6":"product_cat-shorts","7":"pa_brand-craft-retail-sportswear","8":"pa_brand-type-sportswear","9":"pa_filter-color-orange","10":"pa_filter-color-schwarz","12":"first","13":"outofstock","14":"sale","15":"taxable","16":"shipping-taxable","17":"purchasable","18":"product-type-variable","19":"add-to-wishlist-before_image"},"exclude_global_add_ons":[],"addons":[],"acf":[],"_links":{"self":[{"href":"https:\/\/shop.kustom.ch\/fr\/wp-json\/wp\/v2\/product\/106478"}],"collection":[{"href":"https:\/\/shop.kustom.ch\/fr\/wp-json\/wp\/v2\/product"}],"about":[{"href":"https:\/\/shop.kustom.ch\/fr\/wp-json\/wp\/v2\/types\/product"}],"wp:featuredmedia":[{"embeddable":true,"href":"https:\/\/shop.kustom.ch\/fr\/wp-json\/wp\/v2\/media\/106477"}],"wp:attachment":[{"href":"https:\/\/shop.kustom.ch\/fr\/wp-json\/wp\/v2\/media?parent=106478"}],"wp:term":[{"taxonomy":"product_brand","embeddable":true,"href":"https:\/\/shop.kustom.ch\/fr\/wp-json\/wp\/v2\/product_brand?post=106478"},{"taxonomy":"product_cat","embeddable":true,"href":"https:\/\/shop.kustom.ch\/fr\/wp-json\/wp\/v2\/product_cat?post=106478"},{"taxonomy":"product_tag","embeddable":true,"href":"https:\/\/shop.kustom.ch\/fr\/wp-json\/wp\/v2\/product_tag?post=106478"}],"curies":[{"name":"wp","href":"https:\/\/api.w.org\/{rel}","templated":true}]}}