{"id":106432,"date":"2024-03-20T18:15:26","date_gmt":"2024-03-20T17:15:26","guid":{"rendered":"https:\/\/kustomshop.kinsta.cloud\/produkt\/pro-trail-tights-m\/"},"modified":"2026-03-27T15:24:54","modified_gmt":"2026-03-27T14:24:54","slug":"pro-trail-tights-m","status":"publish","type":"product","link":"https:\/\/shop.kustom.ch\/fr\/produit\/pro-trail-tights-m\/","title":{"rendered":"Collant PRO Trail M"},"content":{"rendered":"<p>Collant de trail running pour professionnels en polyamide recycl\u00e9 avec une large ceinture \u00e9lastique avec tissu \u00e9ponge \u00e0 l'int\u00e9rieur et cordon de serrage pour un ajustement optimal et un grand confort. Avec deux poches \u00e9lastiques en mesh de chaque c\u00f4t\u00e9 pour ranger l'essentiel pour les longs trails. Bande \u00e9lastique et fermeture \u00e9clair aux extr\u00e9mit\u00e9s B+B912 pour un ajustement optimal.<br \/>\n- En jersey de polyamide recycl\u00e9 r\u00e9sistant avec un bon maintien dans tous les mouvements<br \/>\n- Poches en mesh sur les deux jambes<br \/>\n- poche avec fermeture \u00e9clair \u00e9tanche au milieu du dos avec boucle de fixation pratique<br \/>\n- Bande \u00e9ponge douce \u00e0 l'int\u00e9rieur de la ceinture<br \/>\n- Ceinture r\u00e9glable avec cordon de serrage \u00e0 l'int\u00e9rieur<br \/>\n- fermeture \u00e9clair au bas des jambes<br \/>\n- Bas de jambes \u00e9lastiques<br \/>\n- Logo Craft Trail sur la jambe\u201c.\u201c<\/p>\n<p>Mati\u00e8re : 72% polyamide recycl\u00e9 28% \u00e9lasthanne<\/p>","protected":false},"excerpt":{"rendered":"<p><span><\/span><\/p>","protected":false},"featured_media":106431,"template":"","meta":[],"product_brand":[],"product_cat":[4190],"product_tag":[],"class_list":{"0":"post-106432","1":"product","2":"type-product","3":"status-publish","4":"has-post-thumbnail","6":"product_cat-leggings","7":"pa_brand-craft-retail-sportswear","8":"pa_brand-type-sportswear","9":"pa_filter-color-schwarz","11":"first","12":"outofstock","13":"sale","14":"taxable","15":"shipping-taxable","16":"purchasable","17":"product-type-variable","18":"add-to-wishlist-before_image"},"exclude_global_add_ons":[],"addons":[],"acf":[],"_links":{"self":[{"href":"https:\/\/shop.kustom.ch\/fr\/wp-json\/wp\/v2\/product\/106432"}],"collection":[{"href":"https:\/\/shop.kustom.ch\/fr\/wp-json\/wp\/v2\/product"}],"about":[{"href":"https:\/\/shop.kustom.ch\/fr\/wp-json\/wp\/v2\/types\/product"}],"wp:featuredmedia":[{"embeddable":true,"href":"https:\/\/shop.kustom.ch\/fr\/wp-json\/wp\/v2\/media\/106431"}],"wp:attachment":[{"href":"https:\/\/shop.kustom.ch\/fr\/wp-json\/wp\/v2\/media?parent=106432"}],"wp:term":[{"taxonomy":"product_brand","embeddable":true,"href":"https:\/\/shop.kustom.ch\/fr\/wp-json\/wp\/v2\/product_brand?post=106432"},{"taxonomy":"product_cat","embeddable":true,"href":"https:\/\/shop.kustom.ch\/fr\/wp-json\/wp\/v2\/product_cat?post=106432"},{"taxonomy":"product_tag","embeddable":true,"href":"https:\/\/shop.kustom.ch\/fr\/wp-json\/wp\/v2\/product_tag?post=106432"}],"curies":[{"name":"wp","href":"https:\/\/api.w.org\/{rel}","templated":true}]}}