{"id":106402,"date":"2024-03-20T18:15:14","date_gmt":"2024-03-20T17:15:14","guid":{"rendered":"https:\/\/kustomshop.kinsta.cloud\/produkt\/adv-backcountry-pants-m\/"},"modified":"2026-03-27T13:59:22","modified_gmt":"2026-03-27T12:59:22","slug":"adv-backcountry-pants-m","status":"publish","type":"product","link":"https:\/\/shop.kustom.ch\/fr\/produit\/adv-backcountry-pants-m\/","title":{"rendered":"ADV Backcountry Pants M"},"content":{"rendered":"<p>Pantalon de ski de fond coupe-vent et imperm\u00e9able, tr\u00e8s respirant, en mati\u00e8re Ventair\u00ae 3 couches. Les pantalons sont enti\u00e8rement doubl\u00e9s d'un filet chaud de la taille aux genoux et disposent d'une ceinture \u00e9lastique, de deux poches zipp\u00e9es et d'extr\u00e9mit\u00e9s de jambes renforc\u00e9es avec pare-neige. WP 10,000\/MVP 10,000.<\/p>\n<p>Mati\u00e8re : Ext\u00e9rieur : mati\u00e8re 1100% polyester recycl\u00e9 deuxi\u00e8me mati\u00e8re 100% polyur\u00e9thane troisi\u00e8me mati\u00e8re 100% polyester Doublure : 100% polyester<\/p>","protected":false},"excerpt":{"rendered":"<p><span><\/span><\/p>","protected":false},"featured_media":106401,"template":"","meta":[],"product_brand":[],"product_cat":[4185],"product_tag":[],"class_list":{"0":"post-106402","1":"product","2":"type-product","3":"status-publish","4":"has-post-thumbnail","6":"product_cat-hosen","7":"pa_brand-craft-retail-sportswear","8":"pa_brand-type-sportswear","9":"pa_filter-color-grau","11":"first","12":"outofstock","13":"sale","14":"taxable","15":"shipping-taxable","16":"purchasable","17":"product-type-variable","18":"add-to-wishlist-before_image"},"exclude_global_add_ons":[],"addons":[],"acf":[],"_links":{"self":[{"href":"https:\/\/shop.kustom.ch\/fr\/wp-json\/wp\/v2\/product\/106402"}],"collection":[{"href":"https:\/\/shop.kustom.ch\/fr\/wp-json\/wp\/v2\/product"}],"about":[{"href":"https:\/\/shop.kustom.ch\/fr\/wp-json\/wp\/v2\/types\/product"}],"wp:featuredmedia":[{"embeddable":true,"href":"https:\/\/shop.kustom.ch\/fr\/wp-json\/wp\/v2\/media\/106401"}],"wp:attachment":[{"href":"https:\/\/shop.kustom.ch\/fr\/wp-json\/wp\/v2\/media?parent=106402"}],"wp:term":[{"taxonomy":"product_brand","embeddable":true,"href":"https:\/\/shop.kustom.ch\/fr\/wp-json\/wp\/v2\/product_brand?post=106402"},{"taxonomy":"product_cat","embeddable":true,"href":"https:\/\/shop.kustom.ch\/fr\/wp-json\/wp\/v2\/product_cat?post=106402"},{"taxonomy":"product_tag","embeddable":true,"href":"https:\/\/shop.kustom.ch\/fr\/wp-json\/wp\/v2\/product_tag?post=106402"}],"curies":[{"name":"wp","href":"https:\/\/api.w.org\/{rel}","templated":true}]}}