{"id":106394,"date":"2024-03-20T18:15:09","date_gmt":"2024-03-20T17:15:09","guid":{"rendered":"https:\/\/kustomshop.kinsta.cloud\/produkt\/core-nordic-training-insulate-pants-w\/"},"modified":"2026-03-27T13:40:17","modified_gmt":"2026-03-27T12:40:17","slug":"core-nordic-training-insulate-pants-w","status":"publish","type":"product","link":"https:\/\/shop.kustom.ch\/fr\/produit\/core-nordic-training-insulate-pants-w\/","title":{"rendered":"Core Nordic Training Insulate Pants W"},"content":{"rendered":"<p>Ces pantalons de ski de fond fonctionnels et polyvalents avec un devant l\u00e9g\u00e8rement doubl\u00e9 ont \u00e9t\u00e9 con\u00e7us pour un entra\u00eenement de ski de fond dans des conditions froides. Avant matelass\u00e9 et doubl\u00e9, mat\u00e9riau Ventair\u00ae 3 couches coupe-vent et d\u00e9perlant sur le bas de la jambe et jersey gratt\u00e9 \u00e0 l'arri\u00e8re pour une meilleure ventilation. Cordon de serrage r\u00e9glable \u00e0 la taille pour un ajustement parfait.<\/p>\n<p>Mat\u00e9riau : Face : 60% polyester recycl\u00e9 40% polyester Dos : 100% polyester recycl\u00e9 Bas du corps : Mat\u00e9riau 1100% polyester deuxi\u00e8me mat\u00e9riau 100% polyur\u00e9thane troisi\u00e8me mat\u00e9riau 100% polyester<\/p>","protected":false},"excerpt":{"rendered":"<p><span><\/span><\/p>","protected":false},"featured_media":106393,"template":"","meta":[],"product_brand":[],"product_cat":[4185],"product_tag":[],"class_list":{"0":"post-106394","1":"product","2":"type-product","3":"status-publish","4":"has-post-thumbnail","6":"product_cat-hosen","7":"pa_brand-craft-retail-sportswear","8":"pa_brand-type-sportswear","9":"pa_filter-color-schwarz","11":"first","12":"outofstock","13":"sale","14":"taxable","15":"shipping-taxable","16":"purchasable","17":"product-type-variable","18":"add-to-wishlist-before_image"},"exclude_global_add_ons":[],"addons":[],"acf":[],"_links":{"self":[{"href":"https:\/\/shop.kustom.ch\/fr\/wp-json\/wp\/v2\/product\/106394"}],"collection":[{"href":"https:\/\/shop.kustom.ch\/fr\/wp-json\/wp\/v2\/product"}],"about":[{"href":"https:\/\/shop.kustom.ch\/fr\/wp-json\/wp\/v2\/types\/product"}],"wp:featuredmedia":[{"embeddable":true,"href":"https:\/\/shop.kustom.ch\/fr\/wp-json\/wp\/v2\/media\/106393"}],"wp:attachment":[{"href":"https:\/\/shop.kustom.ch\/fr\/wp-json\/wp\/v2\/media?parent=106394"}],"wp:term":[{"taxonomy":"product_brand","embeddable":true,"href":"https:\/\/shop.kustom.ch\/fr\/wp-json\/wp\/v2\/product_brand?post=106394"},{"taxonomy":"product_cat","embeddable":true,"href":"https:\/\/shop.kustom.ch\/fr\/wp-json\/wp\/v2\/product_cat?post=106394"},{"taxonomy":"product_tag","embeddable":true,"href":"https:\/\/shop.kustom.ch\/fr\/wp-json\/wp\/v2\/product_tag?post=106394"}],"curies":[{"name":"wp","href":"https:\/\/api.w.org\/{rel}","templated":true}]}}