{"id":106386,"date":"2024-03-20T18:15:05","date_gmt":"2024-03-20T17:15:05","guid":{"rendered":"https:\/\/kustomshop.kinsta.cloud\/produkt\/core-nordic-training-insulate-skirt-w\/"},"modified":"2026-03-27T13:48:23","modified_gmt":"2026-03-27T12:48:23","slug":"core-nordic-training-insulate-skirt-w","status":"publish","type":"product","link":"https:\/\/shop.kustom.ch\/fr\/produit\/core-nordic-training-insulate-skirt-w\/","title":{"rendered":"Core Nordic Training Insulate Skirt W"},"content":{"rendered":"<p>Jupe de ski de fond chaude et isol\u00e9e pour les jours tr\u00e8s froids. La jupe est matelass\u00e9e et dot\u00e9e d'un mat\u00e9riau doux et gratt\u00e9 \u00e0 l'int\u00e9rieur. La taille est l\u00e9g\u00e8rement plus haute et s'ouvre avec une fermeture \u00e9clair.<br \/>\n- Piqu\u00e9 et rembourr\u00e9 \u00e0 l'avant et \u00e0 l'arri\u00e8re pour la chaleur et le confort<br \/>\n- 60 g\/m\u00b2 de rembourrage<br \/>\n- Poche plaqu\u00e9e avec fermeture \u00e0 glissi\u00e8re dissimul\u00e9e sur le devant<br \/>\n- fermeture \u00e9clair \u00e0 double sens sur la couture lat\u00e9rale pour un habillage et un d\u00e9shabillage faciles<br \/>\n- Jersey bross\u00e9 doux \u00e0 la taille<br \/>\n- Ceinture plus large pour un meilleur ajustement<br \/>\n- Jersey bross\u00e9 doux sur les c\u00f4t\u00e9s pour une plus grande libert\u00e9 de mouvement.<\/p>\n<p>Mat\u00e9riaux : Corps &amp; doublure : 45% polyester-recycl\u00e9 55% polyester Rembourrage : 100% polyester<\/p>","protected":false},"excerpt":{"rendered":"<p><span><\/span><\/p>","protected":false},"featured_media":106385,"template":"","meta":[],"product_brand":[],"product_cat":[4194],"product_tag":[],"class_list":{"0":"post-106386","1":"product","2":"type-product","3":"status-publish","4":"has-post-thumbnail","6":"product_cat-roecke","7":"pa_brand-craft-retail-sportswear","8":"pa_brand-type-sportswear","9":"pa_filter-color-schwarz","11":"first","12":"outofstock","13":"sale","14":"taxable","15":"shipping-taxable","16":"purchasable","17":"product-type-variable","18":"add-to-wishlist-before_image"},"exclude_global_add_ons":[],"addons":[],"acf":[],"_links":{"self":[{"href":"https:\/\/shop.kustom.ch\/fr\/wp-json\/wp\/v2\/product\/106386"}],"collection":[{"href":"https:\/\/shop.kustom.ch\/fr\/wp-json\/wp\/v2\/product"}],"about":[{"href":"https:\/\/shop.kustom.ch\/fr\/wp-json\/wp\/v2\/types\/product"}],"wp:featuredmedia":[{"embeddable":true,"href":"https:\/\/shop.kustom.ch\/fr\/wp-json\/wp\/v2\/media\/106385"}],"wp:attachment":[{"href":"https:\/\/shop.kustom.ch\/fr\/wp-json\/wp\/v2\/media?parent=106386"}],"wp:term":[{"taxonomy":"product_brand","embeddable":true,"href":"https:\/\/shop.kustom.ch\/fr\/wp-json\/wp\/v2\/product_brand?post=106386"},{"taxonomy":"product_cat","embeddable":true,"href":"https:\/\/shop.kustom.ch\/fr\/wp-json\/wp\/v2\/product_cat?post=106386"},{"taxonomy":"product_tag","embeddable":true,"href":"https:\/\/shop.kustom.ch\/fr\/wp-json\/wp\/v2\/product_tag?post=106386"}],"curies":[{"name":"wp","href":"https:\/\/api.w.org\/{rel}","templated":true}]}}