{"id":106363,"date":"2024-03-20T18:14:54","date_gmt":"2024-03-20T17:14:54","guid":{"rendered":"https:\/\/kustomshop.kinsta.cloud\/produkt\/adv-nordic-training-speed-pants-w\/"},"modified":"2026-03-27T13:37:15","modified_gmt":"2026-03-27T12:37:15","slug":"adv-nordic-training-speed-pants-w","status":"publish","type":"product","link":"https:\/\/shop.kustom.ch\/fr\/produit\/adv-nordic-training-speed-pants-w\/","title":{"rendered":"ADV Nordic Training Speed Pants W"},"content":{"rendered":"<p>Ces pantalons de ski de fond coupe-vent et imperm\u00e9ables, l\u00e9g\u00e8rement doubl\u00e9s \u00e0 l'avant, ont \u00e9t\u00e9 con\u00e7us pour les entra\u00eenements de ski de haute intensit\u00e9 dans des conditions plus froides. Le jersey gratt\u00e9 \u00e0 l'arri\u00e8re et les a\u00e9rations d\u00e9coup\u00e9es au laser dans le creux des genoux offrent une excellente gestion de la temp\u00e9rature corporelle, tandis qu'une ceinture \u00e9lastique avec cordon de serrage r\u00e9glable garantit un ajustement parfait.<br \/>\n- Respirant<br \/>\n- Finition Wicking pour un excellent transfert d'humidit\u00e9<br \/>\n- Soutien de la vo\u00fbte plantaire<br \/>\n- Coutures plates au niveau des orteils<br \/>\n- Zone renforc\u00e9e au niveau des orteils et du talon<\/p>\n<p>Mat\u00e9riau : face avant : 100% polyester face inf\u00e9rieure : mat\u00e9riau 1100% polyester deuxi\u00e8me mat\u00e9riau 100% polyur\u00e9thane troisi\u00e8me mat\u00e9riau 100% polyester face arri\u00e8re : 88% polyester recycl\u00e9 12% \u00e9lasthanne<\/p>","protected":false},"excerpt":{"rendered":"<p><span><\/span><\/p>","protected":false},"featured_media":106362,"template":"","meta":[],"product_brand":[],"product_cat":[4185],"product_tag":[],"class_list":{"0":"post-106363","1":"product","2":"type-product","3":"status-publish","4":"has-post-thumbnail","6":"product_cat-hosen","7":"pa_brand-craft-retail-sportswear","8":"pa_brand-type-sportswear","9":"pa_filter-color-blau","10":"pa_filter-color-grau","11":"pa_filter-color-schwarz","13":"first","14":"instock","15":"sale","16":"taxable","17":"shipping-taxable","18":"purchasable","19":"product-type-variable","20":"add-to-wishlist-before_image"},"exclude_global_add_ons":[],"addons":[],"acf":[],"_links":{"self":[{"href":"https:\/\/shop.kustom.ch\/fr\/wp-json\/wp\/v2\/product\/106363"}],"collection":[{"href":"https:\/\/shop.kustom.ch\/fr\/wp-json\/wp\/v2\/product"}],"about":[{"href":"https:\/\/shop.kustom.ch\/fr\/wp-json\/wp\/v2\/types\/product"}],"wp:featuredmedia":[{"embeddable":true,"href":"https:\/\/shop.kustom.ch\/fr\/wp-json\/wp\/v2\/media\/106362"}],"wp:attachment":[{"href":"https:\/\/shop.kustom.ch\/fr\/wp-json\/wp\/v2\/media?parent=106363"}],"wp:term":[{"taxonomy":"product_brand","embeddable":true,"href":"https:\/\/shop.kustom.ch\/fr\/wp-json\/wp\/v2\/product_brand?post=106363"},{"taxonomy":"product_cat","embeddable":true,"href":"https:\/\/shop.kustom.ch\/fr\/wp-json\/wp\/v2\/product_cat?post=106363"},{"taxonomy":"product_tag","embeddable":true,"href":"https:\/\/shop.kustom.ch\/fr\/wp-json\/wp\/v2\/product_tag?post=106363"}],"curies":[{"name":"wp","href":"https:\/\/api.w.org\/{rel}","templated":true}]}}