{"id":106312,"date":"2024-03-20T18:14:36","date_gmt":"2024-03-20T17:14:36","guid":{"rendered":"https:\/\/kustomshop.kinsta.cloud\/produkt\/core-nordic-training-insulate-shorts-m\/"},"modified":"2026-03-27T14:11:40","modified_gmt":"2026-03-27T13:11:40","slug":"core-nordic-training-insulate-shorts-m","status":"publish","type":"product","link":"https:\/\/shop.kustom.ch\/fr\/produit\/core-nordic-training-insulate-shorts-m\/","title":{"rendered":"Core Nordic Training Insulate Short M"},"content":{"rendered":"<p>Short de ski de fond chaud et isol\u00e9 pour les jours tr\u00e8s froids. Le short est matelass\u00e9 et dot\u00e9 d'un mat\u00e9riau doux et gratt\u00e9 \u00e0 l'int\u00e9rieur.<\/p>\n<p>Mat\u00e9riaux : Int\u00e9rieur et ext\u00e9rieur : 45% polyester recycl\u00e9 55% polyester, Rembourrage : 100% polyester<\/p>","protected":false},"excerpt":{"rendered":"<p><span><\/span><\/p>","protected":false},"featured_media":106311,"template":"","meta":[],"product_brand":[],"product_cat":[4198],"product_tag":[],"class_list":{"0":"post-106312","1":"product","2":"type-product","3":"status-publish","4":"has-post-thumbnail","6":"product_cat-shorts","7":"pa_brand-craft-retail-sportswear","8":"pa_brand-type-sportswear","9":"pa_filter-color-schwarz","11":"first","12":"outofstock","13":"sale","14":"taxable","15":"shipping-taxable","16":"purchasable","17":"product-type-variable","18":"add-to-wishlist-before_image"},"exclude_global_add_ons":[],"addons":[],"acf":[],"_links":{"self":[{"href":"https:\/\/shop.kustom.ch\/fr\/wp-json\/wp\/v2\/product\/106312"}],"collection":[{"href":"https:\/\/shop.kustom.ch\/fr\/wp-json\/wp\/v2\/product"}],"about":[{"href":"https:\/\/shop.kustom.ch\/fr\/wp-json\/wp\/v2\/types\/product"}],"wp:featuredmedia":[{"embeddable":true,"href":"https:\/\/shop.kustom.ch\/fr\/wp-json\/wp\/v2\/media\/106311"}],"wp:attachment":[{"href":"https:\/\/shop.kustom.ch\/fr\/wp-json\/wp\/v2\/media?parent=106312"}],"wp:term":[{"taxonomy":"product_brand","embeddable":true,"href":"https:\/\/shop.kustom.ch\/fr\/wp-json\/wp\/v2\/product_brand?post=106312"},{"taxonomy":"product_cat","embeddable":true,"href":"https:\/\/shop.kustom.ch\/fr\/wp-json\/wp\/v2\/product_cat?post=106312"},{"taxonomy":"product_tag","embeddable":true,"href":"https:\/\/shop.kustom.ch\/fr\/wp-json\/wp\/v2\/product_tag?post=106312"}],"curies":[{"name":"wp","href":"https:\/\/api.w.org\/{rel}","templated":true}]}}