{"id":106304,"date":"2024-03-20T18:14:31","date_gmt":"2024-03-20T17:14:31","guid":{"rendered":"https:\/\/kustomshop.kinsta.cloud\/produkt\/core-nordic-training-insulate-vest-m\/"},"modified":"2026-03-27T14:34:48","modified_gmt":"2026-03-27T13:34:48","slug":"core-nordic-training-insulate-vest-m","status":"publish","type":"product","link":"https:\/\/shop.kustom.ch\/fr\/produit\/core-nordic-training-insulate-vest-m\/","title":{"rendered":"Core Nordic Training Insulate Vest M"},"content":{"rendered":"<p>Gilet de ski de randonn\u00e9e polyvalent avec rembourrage \u00e0 l'avant, tissu ind\u00e9chirable \u00e0 l'avant, dans la partie inf\u00e9rieure. Jersey gratt\u00e9 en polyester recycl\u00e9 dans le dos pour une \u00e9vacuation efficace de l'humidit\u00e9.<br \/>\n- Poche kangourou sur le devant<br \/>\n- Impression Craft sur le c\u00f4t\u00e9 gauche du torse<br \/>\n- Finitions des manches et taille c\u00f4tel\u00e9es<\/p>\n<p>Mat\u00e9riau : devant : polyester recycl\u00e9 60%, dos : polyester recycl\u00e9 40% 60%%. Epaules : devant 100% polyester. Membrane 100% PU.Back<\/p>","protected":false},"excerpt":{"rendered":"<p><span><\/span><\/p>","protected":false},"featured_media":106303,"template":"","meta":[],"product_brand":[],"product_cat":[4208],"product_tag":[],"class_list":{"0":"post-106304","1":"product","2":"type-product","3":"status-publish","4":"has-post-thumbnail","6":"product_cat-westen","7":"pa_brand-craft-retail-sportswear","8":"pa_brand-type-sportswear","9":"pa_filter-color-grau","10":"pa_filter-color-schwarz","12":"first","13":"outofstock","14":"sale","15":"taxable","16":"shipping-taxable","17":"purchasable","18":"product-type-variable","19":"add-to-wishlist-before_image"},"exclude_global_add_ons":[],"addons":[],"acf":[],"_links":{"self":[{"href":"https:\/\/shop.kustom.ch\/fr\/wp-json\/wp\/v2\/product\/106304"}],"collection":[{"href":"https:\/\/shop.kustom.ch\/fr\/wp-json\/wp\/v2\/product"}],"about":[{"href":"https:\/\/shop.kustom.ch\/fr\/wp-json\/wp\/v2\/types\/product"}],"wp:featuredmedia":[{"embeddable":true,"href":"https:\/\/shop.kustom.ch\/fr\/wp-json\/wp\/v2\/media\/106303"}],"wp:attachment":[{"href":"https:\/\/shop.kustom.ch\/fr\/wp-json\/wp\/v2\/media?parent=106304"}],"wp:term":[{"taxonomy":"product_brand","embeddable":true,"href":"https:\/\/shop.kustom.ch\/fr\/wp-json\/wp\/v2\/product_brand?post=106304"},{"taxonomy":"product_cat","embeddable":true,"href":"https:\/\/shop.kustom.ch\/fr\/wp-json\/wp\/v2\/product_cat?post=106304"},{"taxonomy":"product_tag","embeddable":true,"href":"https:\/\/shop.kustom.ch\/fr\/wp-json\/wp\/v2\/product_tag?post=106304"}],"curies":[{"name":"wp","href":"https:\/\/api.w.org\/{rel}","templated":true}]}}