{"id":106244,"date":"2024-03-20T18:14:08","date_gmt":"2024-03-20T17:14:08","guid":{"rendered":"https:\/\/kustomshop.kinsta.cloud\/produkt\/pro-nordic-race-jacket-w\/"},"modified":"2026-03-27T13:38:50","modified_gmt":"2026-03-27T12:38:50","slug":"pro-nordic-race-jacket-w","status":"publish","type":"product","link":"https:\/\/shop.kustom.ch\/fr\/produit\/pro-nordic-race-jacket-w\/","title":{"rendered":"Veste PRO Nordic Race W"},"content":{"rendered":"<p>Veste de ski de fond Pro-grade haute performance en mati\u00e8re Ventair\u00ae 3 couches \u00e9lastique, pr\u00e8s du corps et hautement fonctionnelle. Jersey gratt\u00e9 au dos et a\u00e9rations d\u00e9coup\u00e9es au laser \u00e0 l'avant, coutures d\u00e9coup\u00e9es au laser et soud\u00e9es, taille \u00e9lastique \u00e0 l'arri\u00e8re ainsi qu'une coupe a\u00e9rodynamique pour une vitesse maximale.<br \/>\n- Logo \u00e0 six points sur la cuisse<br \/>\n- Ceinture avec cordon de serrage<br \/>\n- Deux poches lat\u00e9rales<\/p>\n<p>Mati\u00e8re : devant et manches : Mati\u00e8re 1100% polyester recycl\u00e9 deuxi\u00e8me mati\u00e8re 100% polyur\u00e9thane troisi\u00e8me mati\u00e8re 100% polyester recycl\u00e9 dos : 88% polyester recycl\u00e9 12% \u00e9lasthanne<\/p>","protected":false},"excerpt":{"rendered":"<p><span><\/span><\/p>","protected":false},"featured_media":106243,"template":"","meta":[],"product_brand":[],"product_cat":[4186],"product_tag":[],"class_list":{"0":"post-106244","1":"product","2":"type-product","3":"status-publish","4":"has-post-thumbnail","6":"product_cat-jacken","7":"pa_brand-craft-retail-sportswear","8":"pa_brand-type-sportswear","9":"pa_filter-color-blau","11":"first","12":"outofstock","13":"sale","14":"taxable","15":"shipping-taxable","16":"purchasable","17":"product-type-variable","18":"add-to-wishlist-before_image"},"exclude_global_add_ons":[],"addons":[],"acf":[],"_links":{"self":[{"href":"https:\/\/shop.kustom.ch\/fr\/wp-json\/wp\/v2\/product\/106244"}],"collection":[{"href":"https:\/\/shop.kustom.ch\/fr\/wp-json\/wp\/v2\/product"}],"about":[{"href":"https:\/\/shop.kustom.ch\/fr\/wp-json\/wp\/v2\/types\/product"}],"wp:featuredmedia":[{"embeddable":true,"href":"https:\/\/shop.kustom.ch\/fr\/wp-json\/wp\/v2\/media\/106243"}],"wp:attachment":[{"href":"https:\/\/shop.kustom.ch\/fr\/wp-json\/wp\/v2\/media?parent=106244"}],"wp:term":[{"taxonomy":"product_brand","embeddable":true,"href":"https:\/\/shop.kustom.ch\/fr\/wp-json\/wp\/v2\/product_brand?post=106244"},{"taxonomy":"product_cat","embeddable":true,"href":"https:\/\/shop.kustom.ch\/fr\/wp-json\/wp\/v2\/product_cat?post=106244"},{"taxonomy":"product_tag","embeddable":true,"href":"https:\/\/shop.kustom.ch\/fr\/wp-json\/wp\/v2\/product_tag?post=106244"}],"curies":[{"name":"wp","href":"https:\/\/api.w.org\/{rel}","templated":true}]}}