{"id":106229,"date":"2024-03-20T18:14:02","date_gmt":"2024-03-20T17:14:02","guid":{"rendered":"https:\/\/kustomshop.kinsta.cloud\/produkt\/pro-nordic-race-wind-tights-m\/"},"modified":"2026-03-27T13:53:54","modified_gmt":"2026-03-27T12:53:54","slug":"pro-nordic-race-wind-tights-m","status":"publish","type":"product","link":"https:\/\/shop.kustom.ch\/fr\/produit\/pro-nordic-race-wind-tights-m\/","title":{"rendered":"Collant coupe-vent PRO Nordic Race M"},"content":{"rendered":"<p>Collant de ski de fond Pro-grade haute performance, en mati\u00e8re Ventair\u00ae 3 couches \u00e9lastique et pr\u00e8s du corps \u00e0 l'avant et en jersey gratt\u00e9 \u00e0 l'arri\u00e8re. Avec a\u00e9ration d\u00e9coup\u00e9e au laser, fermeture \u00e9clair en bas des jambes et extr\u00e9mit\u00e9s des jambes soud\u00e9es pour une tenue confortable.<\/p>\n<p>Mat\u00e9riaux : Poche kangourou sur le devant ; Grand logo Craft sur la poitrine ; Bas des manches et ceinture c\u00f4tel\u00e9s<\/p>","protected":false},"excerpt":{"rendered":"<p><span><\/span><\/p>","protected":false},"featured_media":106228,"template":"","meta":[],"product_brand":[],"product_cat":[4190],"product_tag":[],"class_list":{"0":"post-106229","1":"product","2":"type-product","3":"status-publish","4":"has-post-thumbnail","6":"product_cat-leggings","7":"pa_brand-craft-retail-sportswear","8":"pa_brand-type-sportswear","9":"pa_filter-color-grau","10":"pa_filter-color-schwarz","12":"first","13":"outofstock","14":"sale","15":"taxable","16":"shipping-taxable","17":"purchasable","18":"product-type-variable","19":"add-to-wishlist-before_image"},"exclude_global_add_ons":[],"addons":[],"acf":[],"_links":{"self":[{"href":"https:\/\/shop.kustom.ch\/fr\/wp-json\/wp\/v2\/product\/106229"}],"collection":[{"href":"https:\/\/shop.kustom.ch\/fr\/wp-json\/wp\/v2\/product"}],"about":[{"href":"https:\/\/shop.kustom.ch\/fr\/wp-json\/wp\/v2\/types\/product"}],"wp:featuredmedia":[{"embeddable":true,"href":"https:\/\/shop.kustom.ch\/fr\/wp-json\/wp\/v2\/media\/106228"}],"wp:attachment":[{"href":"https:\/\/shop.kustom.ch\/fr\/wp-json\/wp\/v2\/media?parent=106229"}],"wp:term":[{"taxonomy":"product_brand","embeddable":true,"href":"https:\/\/shop.kustom.ch\/fr\/wp-json\/wp\/v2\/product_brand?post=106229"},{"taxonomy":"product_cat","embeddable":true,"href":"https:\/\/shop.kustom.ch\/fr\/wp-json\/wp\/v2\/product_cat?post=106229"},{"taxonomy":"product_tag","embeddable":true,"href":"https:\/\/shop.kustom.ch\/fr\/wp-json\/wp\/v2\/product_tag?post=106229"}],"curies":[{"name":"wp","href":"https:\/\/api.w.org\/{rel}","templated":true}]}}