{"id":106213,"date":"2024-03-20T18:13:53","date_gmt":"2024-03-20T17:13:53","guid":{"rendered":"https:\/\/kustomshop.kinsta.cloud\/produkt\/pro-nordic-race-jacket-m\/"},"modified":"2026-03-27T14:18:52","modified_gmt":"2026-03-27T13:18:52","slug":"pro-nordic-race-jacket-m","status":"publish","type":"product","link":"https:\/\/shop.kustom.ch\/fr\/produit\/pro-nordic-race-jacket-m\/","title":{"rendered":"Veste de course nordique PRO M"},"content":{"rendered":"<p>Veste de ski de fond Pro-grade haute performance en mati\u00e8re Ventair\u00ae 3 couches \u00e9lastique, pr\u00e8s du corps et hautement fonctionnelle. Jersey gratt\u00e9 au dos et a\u00e9rations d\u00e9coup\u00e9es au laser \u00e0 l'avant, coutures d\u00e9coup\u00e9es au laser et soud\u00e9es, taille \u00e9lastique \u00e0 l'arri\u00e8re ainsi qu'une coupe a\u00e9rodynamique pour une vitesse maximale.<\/p>\n<ul>\n<li>15 000\/10 000<\/li>\n<li><span style=\"background-color: var(--body-bg-color); color: var(--body-color); font-family: var(--body-font-family),sans-serif; font-size: 1.125rem; font-weight: var(--body-font-weight,400);\">Logo \u00e0 six points sur la cuisse<\/span><\/li>\n<li>Ceinture avec cordon de serrage<\/li>\n<li><span style=\"background-color: var(--body-bg-color); color: var(--body-color); font-family: var(--body-font-family),sans-serif; font-size: 1.125rem; font-weight: var(--body-font-weight,400);\">Deux poches lat\u00e9rales<\/span><\/li>\n<\/ul>","protected":false},"excerpt":{"rendered":"<p>Pro-grade Hochleistungs-Langlaufjacke aus elastischem, k\u00f6rperbetontem und hochfunktionellem 3-Lagen-Material Ventair\u00ae. Angerautes Jersey am R\u00fccken und vorne lasergeschnittene L\u00fcftung, lasergeschnittene und getapte N\u00e4hte, hinten elastischer Bund sowie aerodynamischer Sitz f\u00fcr h\u00f6chste Geschwindigkeit. 15 000\/10 000 Sechs-Punkte-Logo am Oberschenkel Bund mit Kordelzug Zwei Seitentaschen<\/p>","protected":false},"featured_media":106212,"template":"","meta":[],"product_brand":[],"product_cat":[4186],"product_tag":[],"class_list":{"0":"post-106213","1":"product","2":"type-product","3":"status-publish","4":"has-post-thumbnail","6":"product_cat-jacken","7":"pa_brand-craft-retail-sportswear","8":"pa_brand-type-sportswear","9":"pa_filter-color-blau","10":"pa_filter-color-grau","12":"first","13":"outofstock","14":"sale","15":"taxable","16":"shipping-taxable","17":"purchasable","18":"product-type-variable","19":"add-to-wishlist-before_image"},"exclude_global_add_ons":[],"addons":[],"acf":[],"_links":{"self":[{"href":"https:\/\/shop.kustom.ch\/fr\/wp-json\/wp\/v2\/product\/106213"}],"collection":[{"href":"https:\/\/shop.kustom.ch\/fr\/wp-json\/wp\/v2\/product"}],"about":[{"href":"https:\/\/shop.kustom.ch\/fr\/wp-json\/wp\/v2\/types\/product"}],"wp:featuredmedia":[{"embeddable":true,"href":"https:\/\/shop.kustom.ch\/fr\/wp-json\/wp\/v2\/media\/106212"}],"wp:attachment":[{"href":"https:\/\/shop.kustom.ch\/fr\/wp-json\/wp\/v2\/media?parent=106213"}],"wp:term":[{"taxonomy":"product_brand","embeddable":true,"href":"https:\/\/shop.kustom.ch\/fr\/wp-json\/wp\/v2\/product_brand?post=106213"},{"taxonomy":"product_cat","embeddable":true,"href":"https:\/\/shop.kustom.ch\/fr\/wp-json\/wp\/v2\/product_cat?post=106213"},{"taxonomy":"product_tag","embeddable":true,"href":"https:\/\/shop.kustom.ch\/fr\/wp-json\/wp\/v2\/product_tag?post=106213"}],"curies":[{"name":"wp","href":"https:\/\/api.w.org\/{rel}","templated":true}]}}