{"id":106206,"date":"2024-03-20T18:13:49","date_gmt":"2024-03-20T17:13:49","guid":{"rendered":"https:\/\/kustomshop.kinsta.cloud\/produkt\/core-race-knit-hat\/"},"modified":"2026-03-27T13:48:20","modified_gmt":"2026-03-27T12:48:20","slug":"core-race-knit-hat","status":"publish","type":"product","link":"https:\/\/shop.kustom.ch\/fr\/produit\/core-race-knit-hat\/","title":{"rendered":"Chapeau en tricot Core Race"},"content":{"rendered":"<p>Bonnet de ski de fond tricot\u00e9 en jacquard, fin et doux, tr\u00e8s fonctionnel et confortable pour le ski de fond intensif.<br \/>\n- Tissu fonctionnel pour un excellent transfert d'humidit\u00e9, un grand confort et une libert\u00e9 de mouvement illimit\u00e9e<br \/>\n- Polyesters recycl\u00e9s<br \/>\n- Une grande poche zipp\u00e9e \u00e0 l'arri\u00e8re<br \/>\n- Insert en mesh sur le c\u00f4t\u00e9 pour une grande respirabilit\u00e9<br \/>\n- double bande \u00e0 l'arri\u00e8re, \u00e0 la taille, pour un ajustement s\u00fbr<\/p>\n<p>Mat\u00e9riau : 100% acrylique<\/p>","protected":false},"excerpt":{"rendered":"<p><span><\/span><\/p>","protected":false},"featured_media":106205,"template":"","meta":[],"product_brand":[],"product_cat":[9643,4177],"product_tag":[],"class_list":{"0":"post-106206","1":"product","2":"type-product","3":"status-publish","4":"has-post-thumbnail","6":"product_cat-equipment","7":"product_cat-caps-muetzen","8":"pa_brand-craft-retail-sportswear","9":"pa_brand-type-sportswear","10":"pa_filter-color-beige","11":"pa_filter-color-pink","13":"first","14":"instock","15":"sale","16":"taxable","17":"shipping-taxable","18":"purchasable","19":"product-type-variable","20":"add-to-wishlist-before_image"},"exclude_global_add_ons":[],"addons":[],"acf":[],"_links":{"self":[{"href":"https:\/\/shop.kustom.ch\/fr\/wp-json\/wp\/v2\/product\/106206"}],"collection":[{"href":"https:\/\/shop.kustom.ch\/fr\/wp-json\/wp\/v2\/product"}],"about":[{"href":"https:\/\/shop.kustom.ch\/fr\/wp-json\/wp\/v2\/types\/product"}],"wp:featuredmedia":[{"embeddable":true,"href":"https:\/\/shop.kustom.ch\/fr\/wp-json\/wp\/v2\/media\/106205"}],"wp:attachment":[{"href":"https:\/\/shop.kustom.ch\/fr\/wp-json\/wp\/v2\/media?parent=106206"}],"wp:term":[{"taxonomy":"product_brand","embeddable":true,"href":"https:\/\/shop.kustom.ch\/fr\/wp-json\/wp\/v2\/product_brand?post=106206"},{"taxonomy":"product_cat","embeddable":true,"href":"https:\/\/shop.kustom.ch\/fr\/wp-json\/wp\/v2\/product_cat?post=106206"},{"taxonomy":"product_tag","embeddable":true,"href":"https:\/\/shop.kustom.ch\/fr\/wp-json\/wp\/v2\/product_tag?post=106206"}],"curies":[{"name":"wp","href":"https:\/\/api.w.org\/{rel}","templated":true}]}}