{"id":106192,"date":"2024-03-20T18:13:39","date_gmt":"2024-03-20T17:13:39","guid":{"rendered":"https:\/\/kustomshop.kinsta.cloud\/produkt\/core-backcountry-knit-hat\/"},"modified":"2026-03-27T13:44:03","modified_gmt":"2026-03-27T12:44:03","slug":"core-backcountry-knit-hat","status":"publish","type":"product","link":"https:\/\/shop.kustom.ch\/fr\/produit\/core-backcountry-knit-hat\/","title":{"rendered":"Chapeau tricot\u00e9 Core Backcountry"},"content":{"rendered":"<p>Ce bonnet chaud en tricot jacquard a \u00e9t\u00e9 con\u00e7u pour le ski de fond. Avec une doublure en polaire et un motif r\u00e9tro.<br \/>\n- Tissu doux, l\u00e9ger et r\u00e9sistant pour une excellente ventilation<br \/>\n- Slip int\u00e9rieur amovible avec finition sans couture et C4 Pad Women<br \/>\n- Tricot \u00e9lastique 2 couches \u00e0 la taille pour un ajustement confortable et une libert\u00e9 de mouvement illimit\u00e9e<br \/>\n- Deux poches avant avec rabat coupe-vent<br \/>\n- poche zipp\u00e9e \u00e0 l'arri\u00e8re avec bande r\u00e9fl\u00e9chissante<br \/>\n- ceinture avec fermeture \u00e0 crochet pour un ajustement confortable<br \/>\n- Infinity C4 Pad Woman<\/p>\n<p>Mat\u00e9riau : 100% acrylique<\/p>","protected":false},"excerpt":{"rendered":"<p><span><\/span><\/p>","protected":false},"featured_media":106191,"template":"","meta":[],"product_brand":[],"product_cat":[9643,4177],"product_tag":[],"class_list":{"0":"post-106192","1":"product","2":"type-product","3":"status-publish","4":"has-post-thumbnail","6":"product_cat-equipment","7":"product_cat-caps-muetzen","8":"pa_brand-craft-retail-sportswear","9":"pa_brand-type-sportswear","10":"pa_filter-color-grau","11":"pa_filter-color-gruen","12":"pa_filter-color-schwarz","14":"first","15":"instock","16":"sale","17":"taxable","18":"shipping-taxable","19":"purchasable","20":"product-type-variable","21":"add-to-wishlist-before_image"},"exclude_global_add_ons":[],"addons":[],"acf":[],"_links":{"self":[{"href":"https:\/\/shop.kustom.ch\/fr\/wp-json\/wp\/v2\/product\/106192"}],"collection":[{"href":"https:\/\/shop.kustom.ch\/fr\/wp-json\/wp\/v2\/product"}],"about":[{"href":"https:\/\/shop.kustom.ch\/fr\/wp-json\/wp\/v2\/types\/product"}],"wp:featuredmedia":[{"embeddable":true,"href":"https:\/\/shop.kustom.ch\/fr\/wp-json\/wp\/v2\/media\/106191"}],"wp:attachment":[{"href":"https:\/\/shop.kustom.ch\/fr\/wp-json\/wp\/v2\/media?parent=106192"}],"wp:term":[{"taxonomy":"product_brand","embeddable":true,"href":"https:\/\/shop.kustom.ch\/fr\/wp-json\/wp\/v2\/product_brand?post=106192"},{"taxonomy":"product_cat","embeddable":true,"href":"https:\/\/shop.kustom.ch\/fr\/wp-json\/wp\/v2\/product_cat?post=106192"},{"taxonomy":"product_tag","embeddable":true,"href":"https:\/\/shop.kustom.ch\/fr\/wp-json\/wp\/v2\/product_tag?post=106192"}],"curies":[{"name":"wp","href":"https:\/\/api.w.org\/{rel}","templated":true}]}}