{"id":106182,"date":"2024-03-20T18:13:34","date_gmt":"2024-03-20T17:13:34","guid":{"rendered":"https:\/\/kustomshop.kinsta.cloud\/produkt\/core-bike-subz-lumen-jacket-m\/"},"modified":"2026-03-27T14:09:57","modified_gmt":"2026-03-27T13:09:57","slug":"core-bike-subz-lumen-jacket-m","status":"publish","type":"product","link":"https:\/\/shop.kustom.ch\/fr\/produit\/core-bike-subz-lumen-jacket-m\/","title":{"rendered":"Veste Core Bike SubZ Lumen M"},"content":{"rendered":"<p>Veste chaude, coupe-vent et d\u00e9perlante pour le cyclisme, avec int\u00e9rieur gratt\u00e9 pour plus de confort.<br \/>\n- Tissu doux, l\u00e9ger et r\u00e9sistant pour une excellente ventilation<br \/>\n- Tricot \u00e9lastique 2 couches \u00e0 la taille pour un ajustement confortable et une libert\u00e9 de mouvement illimit\u00e9e<br \/>\n- Deux poches avant avec rabat coupe-vent<br \/>\n- poche zipp\u00e9e \u00e0 l'arri\u00e8re avec bande r\u00e9fl\u00e9chissante<br \/>\n- ceinture avec fermeture \u00e0 crochet pour un ajustement confortable<\/p>\n<p>Mati\u00e8re : premi\u00e8re mati\u00e8re : polyester recycl\u00e9 100% deuxi\u00e8me mati\u00e8re : polyur\u00e9thane 100% troisi\u00e8me mati\u00e8re : polyester recycl\u00e9<\/p>","protected":false},"excerpt":{"rendered":"<p><span><\/span><\/p>","protected":false},"featured_media":106181,"template":"","meta":[],"product_brand":[],"product_cat":[4186],"product_tag":[],"class_list":{"0":"post-106182","1":"product","2":"type-product","3":"status-publish","4":"has-post-thumbnail","6":"product_cat-jacken","7":"pa_brand-craft-retail-sportswear","8":"pa_brand-type-sportswear","9":"pa_filter-color-gelb","10":"pa_filter-color-schwarz","11":"pa_filter-color-weiss","13":"first","14":"outofstock","15":"sale","16":"taxable","17":"shipping-taxable","18":"purchasable","19":"product-type-variable","20":"add-to-wishlist-before_image"},"exclude_global_add_ons":[],"addons":[],"acf":[],"_links":{"self":[{"href":"https:\/\/shop.kustom.ch\/fr\/wp-json\/wp\/v2\/product\/106182"}],"collection":[{"href":"https:\/\/shop.kustom.ch\/fr\/wp-json\/wp\/v2\/product"}],"about":[{"href":"https:\/\/shop.kustom.ch\/fr\/wp-json\/wp\/v2\/types\/product"}],"wp:featuredmedia":[{"embeddable":true,"href":"https:\/\/shop.kustom.ch\/fr\/wp-json\/wp\/v2\/media\/106181"}],"wp:attachment":[{"href":"https:\/\/shop.kustom.ch\/fr\/wp-json\/wp\/v2\/media?parent=106182"}],"wp:term":[{"taxonomy":"product_brand","embeddable":true,"href":"https:\/\/shop.kustom.ch\/fr\/wp-json\/wp\/v2\/product_brand?post=106182"},{"taxonomy":"product_cat","embeddable":true,"href":"https:\/\/shop.kustom.ch\/fr\/wp-json\/wp\/v2\/product_cat?post=106182"},{"taxonomy":"product_tag","embeddable":true,"href":"https:\/\/shop.kustom.ch\/fr\/wp-json\/wp\/v2\/product_tag?post=106182"}],"curies":[{"name":"wp","href":"https:\/\/api.w.org\/{rel}","templated":true}]}}