{"id":106176,"date":"2024-03-20T18:13:30","date_gmt":"2024-03-20T17:13:30","guid":{"rendered":"https:\/\/kustomshop.kinsta.cloud\/produkt\/adv-subz-insulate-bootie\/"},"modified":"2026-03-27T13:46:45","modified_gmt":"2026-03-27T12:46:45","slug":"adv-subz-insulate-bootie","status":"publish","type":"product","link":"https:\/\/shop.kustom.ch\/fr\/produit\/adv-subz-insulate-bootie\/","title":{"rendered":"Bootie Adv SubZ Insulate"},"content":{"rendered":"<p>Surchaussures en n\u00e9opr\u00e8ne pour avanc\u00e9s avec coutures scell\u00e9es, rev\u00eatement PU sur le dessus, int\u00e9rieur gratt\u00e9 et fermeture \u00e9clair imperm\u00e9able qui prot\u00e8ge les pieds dans des conditions tr\u00e8s froides et humides.<br \/>\n- Les mati\u00e8res fonctionnelles \u00e9vacuent l'humidit\u00e9 de la transpiration vers l'ext\u00e9rieur, procurent une agr\u00e9able sensation de fra\u00eecheur et gardent le corps au sec.<br \/>\n- Mati\u00e8res douces et \u00e9lastiques pour un ajustement optimal et une libert\u00e9 de mouvement illimit\u00e9e<br \/>\n- Mat\u00e9riaux r\u00e9sistants<br \/>\n- Mat\u00e9riau recycl\u00e9<\/p>\n<p>Mati\u00e8re : premi\u00e8re mati\u00e8re : 70% polyur\u00e9thane 20% polyester 10% \u00e9lasthanne deuxi\u00e8me mati\u00e8re : 100% n\u00e9opr\u00e8ne troisi\u00e8me mati\u00e8re : 100% polyester<\/p>","protected":false},"excerpt":{"rendered":"<p>Neopren-\u00dcberschuhe f\u00fcr Fortgeschrittene mit getapten N\u00e4hten, PU-Beschichtung oben, innen angeraut und mit wasserfestem Reissverschluss welcher die F\u00fcsse in sehr kalten und nassen Bedingungen sch\u00fctzt. \u2022 Funktionelle Materialien transportieren Schwitzfeuchtigkeit nach aussen, sorgen f\u00fcr ein angenehm k\u00fchles Gef\u00fchl und halten den K\u00f6rper trocken \u2022 Weiche, elastische Materialien f\u00fcr einen optimalen Sitz und eine uneingeschr\u00e4nkte Bewegungsfreiheit \u2022 [&hellip;]<\/p>\n","protected":false},"featured_media":248919,"template":"","meta":[],"product_brand":[],"product_cat":[9643,4209],"product_tag":[],"class_list":{"0":"post-106176","1":"product","2":"type-product","3":"status-publish","4":"has-post-thumbnail","6":"product_cat-equipment","7":"product_cat-zubehoer","8":"pa_brand-craft-retail-sportswear","9":"pa_brand-type-sportswear","10":"pa_filter-color-schwarz","12":"first","13":"outofstock","14":"sale","15":"taxable","16":"shipping-taxable","17":"purchasable","18":"product-type-variable","19":"add-to-wishlist-before_image"},"exclude_global_add_ons":[],"addons":[],"acf":[],"_links":{"self":[{"href":"https:\/\/shop.kustom.ch\/fr\/wp-json\/wp\/v2\/product\/106176"}],"collection":[{"href":"https:\/\/shop.kustom.ch\/fr\/wp-json\/wp\/v2\/product"}],"about":[{"href":"https:\/\/shop.kustom.ch\/fr\/wp-json\/wp\/v2\/types\/product"}],"wp:featuredmedia":[{"embeddable":true,"href":"https:\/\/shop.kustom.ch\/fr\/wp-json\/wp\/v2\/media\/248919"}],"wp:attachment":[{"href":"https:\/\/shop.kustom.ch\/fr\/wp-json\/wp\/v2\/media?parent=106176"}],"wp:term":[{"taxonomy":"product_brand","embeddable":true,"href":"https:\/\/shop.kustom.ch\/fr\/wp-json\/wp\/v2\/product_brand?post=106176"},{"taxonomy":"product_cat","embeddable":true,"href":"https:\/\/shop.kustom.ch\/fr\/wp-json\/wp\/v2\/product_cat?post=106176"},{"taxonomy":"product_tag","embeddable":true,"href":"https:\/\/shop.kustom.ch\/fr\/wp-json\/wp\/v2\/product_tag?post=106176"}],"curies":[{"name":"wp","href":"https:\/\/api.w.org\/{rel}","templated":true}]}}