{"id":106060,"date":"2024-03-20T18:12:52","date_gmt":"2024-03-20T17:12:52","guid":{"rendered":"https:\/\/kustomshop.kinsta.cloud\/produkt\/adv-explore-pile-fleece-jacket-w\/"},"modified":"2026-03-27T15:27:19","modified_gmt":"2026-03-27T14:27:19","slug":"adv-explore-pile-fleece-jacket-w","status":"publish","type":"product","link":"https:\/\/shop.kustom.ch\/fr\/produit\/adv-explore-pile-fleece-jacket-w\/","title":{"rendered":"Veste polaire ADV Explore Pile W"},"content":{"rendered":"<p>Veste polaire chaude et polyvalente avec d\u00e9tails contrast\u00e9s pour un usage quotidien. La veste est fabriqu\u00e9e en polyester recycl\u00e9 et dispose d'une poche de poitrine zipp\u00e9e et de deux poches lat\u00e9rales zipp\u00e9es. En outre, les tissus unis de la poche de poitrine et du col permettent un marquage efficace de l'entreprise. Poche de poitrine zipp\u00e9e - Deux poches lat\u00e9rales zipp\u00e9es - Poignets pour \u00e9viter que le vent ne p\u00e9n\u00e8tre - Tissu recycl\u00e9<\/p>\n<p>Mati\u00e8re : 100% polyester recycl\u00e9<\/p>","protected":false},"excerpt":{"rendered":"<p><span><\/span><\/p>","protected":false},"featured_media":106059,"template":"","meta":[],"product_brand":[],"product_cat":[4184],"product_tag":[],"class_list":{"0":"post-106060","1":"product","2":"type-product","3":"status-publish","4":"has-post-thumbnail","6":"product_cat-hoodies-pullover","7":"pa_brand-craft-retail-sportswear","8":"pa_brand-type-sportswear","9":"pa_filter-color-beige","10":"pa_filter-color-schwarz","12":"first","13":"instock","14":"sale","15":"taxable","16":"shipping-taxable","17":"purchasable","18":"product-type-variable","19":"add-to-wishlist-before_image"},"exclude_global_add_ons":[],"addons":[],"acf":[],"_links":{"self":[{"href":"https:\/\/shop.kustom.ch\/fr\/wp-json\/wp\/v2\/product\/106060"}],"collection":[{"href":"https:\/\/shop.kustom.ch\/fr\/wp-json\/wp\/v2\/product"}],"about":[{"href":"https:\/\/shop.kustom.ch\/fr\/wp-json\/wp\/v2\/types\/product"}],"wp:featuredmedia":[{"embeddable":true,"href":"https:\/\/shop.kustom.ch\/fr\/wp-json\/wp\/v2\/media\/106059"}],"wp:attachment":[{"href":"https:\/\/shop.kustom.ch\/fr\/wp-json\/wp\/v2\/media?parent=106060"}],"wp:term":[{"taxonomy":"product_brand","embeddable":true,"href":"https:\/\/shop.kustom.ch\/fr\/wp-json\/wp\/v2\/product_brand?post=106060"},{"taxonomy":"product_cat","embeddable":true,"href":"https:\/\/shop.kustom.ch\/fr\/wp-json\/wp\/v2\/product_cat?post=106060"},{"taxonomy":"product_tag","embeddable":true,"href":"https:\/\/shop.kustom.ch\/fr\/wp-json\/wp\/v2\/product_tag?post=106060"}],"curies":[{"name":"wp","href":"https:\/\/api.w.org\/{rel}","templated":true}]}}