{"id":106013,"date":"2024-03-20T18:12:34","date_gmt":"2024-03-20T17:12:34","guid":{"rendered":"https:\/\/kustomshop.kinsta.cloud\/produkt\/adv-explore-heavy-fleece-jacket-w\/"},"modified":"2026-03-27T15:28:12","modified_gmt":"2026-03-27T14:28:12","slug":"adv-explore-heavy-fleece-jacket-w","status":"publish","type":"product","link":"https:\/\/shop.kustom.ch\/fr\/produit\/adv-explore-heavy-fleece-jacket-w\/","title":{"rendered":"Veste ADV Explore Heavy Fleece W"},"content":{"rendered":"<p>Veste polaire chaude en tissu m\u00e9lang\u00e9 recycl\u00e9 avec int\u00e9rieur gratt\u00e9 pour plus de chaleur et de confort. La veste est fabriqu\u00e9e en polyester recycl\u00e9 et comporte une poche de poitrine zipp\u00e9e en tissu lisse pour un marquage optimal de l'entreprise. Poche poitrine zipp\u00e9e - Deux poches lat\u00e9rales zipp\u00e9es - Tissu recycl\u00e9 - Col int\u00e9rieur en tissu bross\u00e9 pour un meilleur confort<\/p>\n<p>Mati\u00e8re : 100% polyester recycl\u00e9<\/p>","protected":false},"excerpt":{"rendered":"<p><span><\/span><\/p>","protected":false},"featured_media":106012,"template":"","meta":[],"product_brand":[],"product_cat":[4184],"product_tag":[],"class_list":{"0":"post-106013","1":"product","2":"type-product","3":"status-publish","4":"has-post-thumbnail","6":"product_cat-hoodies-pullover","7":"pa_brand-craft-retail-sportswear","8":"pa_brand-type-sportswear","9":"pa_filter-color-blau","10":"pa_filter-color-grau","11":"pa_filter-color-schwarz","13":"first","14":"instock","15":"sale","16":"taxable","17":"shipping-taxable","18":"purchasable","19":"product-type-variable","20":"add-to-wishlist-before_image"},"exclude_global_add_ons":[],"addons":[],"acf":[],"_links":{"self":[{"href":"https:\/\/shop.kustom.ch\/fr\/wp-json\/wp\/v2\/product\/106013"}],"collection":[{"href":"https:\/\/shop.kustom.ch\/fr\/wp-json\/wp\/v2\/product"}],"about":[{"href":"https:\/\/shop.kustom.ch\/fr\/wp-json\/wp\/v2\/types\/product"}],"wp:featuredmedia":[{"embeddable":true,"href":"https:\/\/shop.kustom.ch\/fr\/wp-json\/wp\/v2\/media\/106012"}],"wp:attachment":[{"href":"https:\/\/shop.kustom.ch\/fr\/wp-json\/wp\/v2\/media?parent=106013"}],"wp:term":[{"taxonomy":"product_brand","embeddable":true,"href":"https:\/\/shop.kustom.ch\/fr\/wp-json\/wp\/v2\/product_brand?post=106013"},{"taxonomy":"product_cat","embeddable":true,"href":"https:\/\/shop.kustom.ch\/fr\/wp-json\/wp\/v2\/product_cat?post=106013"},{"taxonomy":"product_tag","embeddable":true,"href":"https:\/\/shop.kustom.ch\/fr\/wp-json\/wp\/v2\/product_tag?post=106013"}],"curies":[{"name":"wp","href":"https:\/\/api.w.org\/{rel}","templated":true}]}}