{"id":105988,"date":"2024-03-20T18:12:25","date_gmt":"2024-03-20T17:12:25","guid":{"rendered":"https:\/\/kustomshop.kinsta.cloud\/produkt\/adv-explore-heavy-fleece-jacket-m\/"},"modified":"2026-03-27T15:27:44","modified_gmt":"2026-03-27T14:27:44","slug":"adv-explore-heavy-fleece-jacket-m","status":"publish","type":"product","link":"https:\/\/shop.kustom.ch\/fr\/produit\/adv-explore-heavy-fleece-jacket-m\/","title":{"rendered":"Veste ADV Explore Heavy Fleece M"},"content":{"rendered":"<p>Veste polaire chaude en mati\u00e8re m\u00e9lang\u00e9e recycl\u00e9e avec int\u00e9rieur gratt\u00e9 pour plus de chaleur et un grand confort. En polyester recycl\u00e9 avec col rembourr\u00e9, poche int\u00e9rieure, deux poches lat\u00e9rales zipp\u00e9es et poche poitrine zipp\u00e9e dans un mat\u00e9riau uni appropri\u00e9 pour le logo de l'entreprise.<br \/>\n- poche de poitrine avec fermeture \u00e0 glissi\u00e8re<br \/>\n- Deux poches lat\u00e9rales avec fermeture \u00e9clair<br \/>\n- Mat\u00e9riau recycl\u00e9<br \/>\n- Tissu gratt\u00e9 \u00e0 l'int\u00e9rieur du col pour un meilleur confort<\/p>\n<p>Mati\u00e8re : 100% polyester recycl\u00e9<\/p>","protected":false},"excerpt":{"rendered":"<p><span><\/span><\/p>","protected":false},"featured_media":105987,"template":"","meta":[],"product_brand":[],"product_cat":[4184],"product_tag":[],"class_list":{"0":"post-105988","1":"product","2":"type-product","3":"status-publish","4":"has-post-thumbnail","6":"product_cat-hoodies-pullover","7":"pa_brand-craft-retail-sportswear","8":"pa_brand-type-sportswear","9":"pa_filter-color-blau","10":"pa_filter-color-grau","11":"pa_filter-color-schwarz","13":"first","14":"instock","15":"sale","16":"taxable","17":"shipping-taxable","18":"purchasable","19":"product-type-variable","20":"add-to-wishlist-before_image"},"exclude_global_add_ons":[],"addons":[],"acf":[],"_links":{"self":[{"href":"https:\/\/shop.kustom.ch\/fr\/wp-json\/wp\/v2\/product\/105988"}],"collection":[{"href":"https:\/\/shop.kustom.ch\/fr\/wp-json\/wp\/v2\/product"}],"about":[{"href":"https:\/\/shop.kustom.ch\/fr\/wp-json\/wp\/v2\/types\/product"}],"wp:featuredmedia":[{"embeddable":true,"href":"https:\/\/shop.kustom.ch\/fr\/wp-json\/wp\/v2\/media\/105987"}],"wp:attachment":[{"href":"https:\/\/shop.kustom.ch\/fr\/wp-json\/wp\/v2\/media?parent=105988"}],"wp:term":[{"taxonomy":"product_brand","embeddable":true,"href":"https:\/\/shop.kustom.ch\/fr\/wp-json\/wp\/v2\/product_brand?post=105988"},{"taxonomy":"product_cat","embeddable":true,"href":"https:\/\/shop.kustom.ch\/fr\/wp-json\/wp\/v2\/product_cat?post=105988"},{"taxonomy":"product_tag","embeddable":true,"href":"https:\/\/shop.kustom.ch\/fr\/wp-json\/wp\/v2\/product_tag?post=105988"}],"curies":[{"name":"wp","href":"https:\/\/api.w.org\/{rel}","templated":true}]}}