{"id":105966,"date":"2024-03-20T18:12:18","date_gmt":"2024-03-20T17:12:18","guid":{"rendered":"https:\/\/kustomshop.kinsta.cloud\/produkt\/core-light-padded-jacket-w\/"},"modified":"2026-03-27T14:17:24","modified_gmt":"2026-03-27T13:17:24","slug":"core-light-padded-jacket-w","status":"publish","type":"product","link":"https:\/\/shop.kustom.ch\/fr\/produit\/core-light-padded-jacket-w\/","title":{"rendered":"Veste CORE Light Padded W"},"content":{"rendered":"<p>Veste polyvalente et peu encombrante, l\u00e9g\u00e8rement matelass\u00e9e, pour un usage quotidien. La veste est fabriqu\u00e9e en polyamide recycl\u00e9 et est dot\u00e9e d'un col rembourr\u00e9, d'une poche int\u00e9rieure, d'une poche de poitrine zipp\u00e9e et de deux poches lat\u00e9rales zipp\u00e9es. Poche de poitrine discr\u00e8te avec fermeture \u00e9clair - Deux poches lat\u00e9rales avec fermeture \u00e9clair - Col l\u00e9g\u00e8rement rembourr\u00e9 pour le confort thermique - Poignets pour \u00e9viter que le vent ne p\u00e9n\u00e8tre dans la veste<\/p>\n<p>Mat\u00e9riau : Mat\u00e9riau : 100% polyamide recycl\u00e9. Garnissage : 100% polyester recycl\u00e9<\/p>","protected":false},"excerpt":{"rendered":"<p><span><\/span><\/p>","protected":false},"featured_media":105965,"template":"","meta":[],"product_brand":[],"product_cat":[4186],"product_tag":[],"class_list":{"0":"post-105966","1":"product","2":"type-product","3":"status-publish","4":"has-post-thumbnail","6":"product_cat-jacken","7":"pa_brand-craft-retail-sportswear","8":"pa_brand-type-sportswear","9":"pa_filter-color-blau","10":"pa_filter-color-gruen","11":"pa_filter-color-schwarz","13":"first","14":"instock","15":"sale","16":"taxable","17":"shipping-taxable","18":"purchasable","19":"product-type-variable","20":"add-to-wishlist-before_image"},"exclude_global_add_ons":[],"addons":[],"acf":[],"_links":{"self":[{"href":"https:\/\/shop.kustom.ch\/fr\/wp-json\/wp\/v2\/product\/105966"}],"collection":[{"href":"https:\/\/shop.kustom.ch\/fr\/wp-json\/wp\/v2\/product"}],"about":[{"href":"https:\/\/shop.kustom.ch\/fr\/wp-json\/wp\/v2\/types\/product"}],"wp:featuredmedia":[{"embeddable":true,"href":"https:\/\/shop.kustom.ch\/fr\/wp-json\/wp\/v2\/media\/105965"}],"wp:attachment":[{"href":"https:\/\/shop.kustom.ch\/fr\/wp-json\/wp\/v2\/media?parent=105966"}],"wp:term":[{"taxonomy":"product_brand","embeddable":true,"href":"https:\/\/shop.kustom.ch\/fr\/wp-json\/wp\/v2\/product_brand?post=105966"},{"taxonomy":"product_cat","embeddable":true,"href":"https:\/\/shop.kustom.ch\/fr\/wp-json\/wp\/v2\/product_cat?post=105966"},{"taxonomy":"product_tag","embeddable":true,"href":"https:\/\/shop.kustom.ch\/fr\/wp-json\/wp\/v2\/product_tag?post=105966"}],"curies":[{"name":"wp","href":"https:\/\/api.w.org\/{rel}","templated":true}]}}