{"id":105809,"date":"2024-03-20T18:11:35","date_gmt":"2024-03-20T17:11:35","guid":{"rendered":"https:\/\/kustomshop.kinsta.cloud\/produkt\/pro-endur-distance-m\/"},"modified":"2026-03-27T16:05:52","modified_gmt":"2026-03-27T15:05:52","slug":"pro-endur-distance-m","status":"publish","type":"product","link":"https:\/\/shop.kustom.ch\/fr\/produit\/pro-endur-distance-m\/","title":{"rendered":"PRO Endur Distance M"},"content":{"rendered":"<p>La chaussure de course PRO Endur Distance \u00e9tablit de nouvelles normes en mati\u00e8re de r\u00e9activit\u00e9 pour tous ceux qui prennent la course \u00e0 pied au s\u00e9rieux. La semelle interm\u00e9diaire, enti\u00e8rement fabriqu\u00e9e en Px Foam\u2122, offre une hauteur de construction optimale pour une pouss\u00e9e puissante des orteils et un amorti l\u00e9ger comme une plume pour une course efficace. Chaque contour de cette plateforme a \u00e9t\u00e9 bien pens\u00e9 pour fournir un maximum d'\u00e9nergie \u00e0 diff\u00e9rentes vitesses. La tige en maille high-tech, fabriqu\u00e9e d'une seule pi\u00e8ce, s'adapte au pied et offre confort et maintien \u00e0 chaque pas. Cette chaussure se distingue par ses performances dynamiques et son design \u00e9pur\u00e9.<\/p>\n<p>- Dessus en mesh d'une seule pi\u00e8ce<br \/>\n- Semelle interm\u00e9diaire en Px Foam\u2122 pour un confort et un rebond accrus<br \/>\n- Semelle interm\u00e9diaire en mousse l\u00e9g\u00e8re et postform\u00e9e pour un confort maximal<br \/>\n- Inserts en caoutchouc l\u00e9gers sur la semelle ext\u00e9rieure pour une bonne adh\u00e9rence au sol et une grande stabilit\u00e9<br \/>\n- Coupe normale<br \/>\n- Poids en taille 8 (UK) 235 g<br \/>\n- Hauteur sous le talon : 36 mm<br \/>\n- chute : 9 mm<\/p>\n<p>Mat\u00e9riau : 100% polyester jacquard+TPU no-sew. Semelle intercalaire : 100% mousse EVA. Semelle ext\u00e9rieure : 100% caoutchouc<\/p>","protected":false},"excerpt":{"rendered":"<p>Der Laufschuh PRO Endur Distance setzt neue Massst\u00e4be in Sachen Reaktionsf\u00e4higkeit f\u00fcr alle, die das Laufen ernst nehmen. Die vollst\u00e4ndig aus Px Foam\u2122 hergestellte Mittelsohle bietet eine optimale Bauh\u00f6he f\u00fcr einen kraftvollen Zehenabstoss und eine federleichte D\u00e4mpfung f\u00fcr ein effizientes Laufverhalten. Jede Kontur dieser Plattform ist gut durchdacht, um bei unterschiedlichen Geschwindigkeiten maximale Energie zu [&hellip;]<\/p>\n","protected":false},"featured_media":706487,"template":"","meta":[],"product_brand":[],"product_cat":[4197],"product_tag":[],"class_list":{"0":"post-105809","1":"product","2":"type-product","3":"status-publish","4":"has-post-thumbnail","6":"product_cat-schuhe-sandalen","7":"pa_brand-craft","8":"pa_brand-type-sportswear","9":"pa_filter-color-schwarz","10":"pa_filter-color-weiss","12":"first","13":"instock","14":"sale","15":"taxable","16":"shipping-taxable","17":"purchasable","18":"product-type-variable","19":"add-to-wishlist-before_image"},"exclude_global_add_ons":[],"addons":[],"acf":[],"_links":{"self":[{"href":"https:\/\/shop.kustom.ch\/fr\/wp-json\/wp\/v2\/product\/105809"}],"collection":[{"href":"https:\/\/shop.kustom.ch\/fr\/wp-json\/wp\/v2\/product"}],"about":[{"href":"https:\/\/shop.kustom.ch\/fr\/wp-json\/wp\/v2\/types\/product"}],"wp:featuredmedia":[{"embeddable":true,"href":"https:\/\/shop.kustom.ch\/fr\/wp-json\/wp\/v2\/media\/706487"}],"wp:attachment":[{"href":"https:\/\/shop.kustom.ch\/fr\/wp-json\/wp\/v2\/media?parent=105809"}],"wp:term":[{"taxonomy":"product_brand","embeddable":true,"href":"https:\/\/shop.kustom.ch\/fr\/wp-json\/wp\/v2\/product_brand?post=105809"},{"taxonomy":"product_cat","embeddable":true,"href":"https:\/\/shop.kustom.ch\/fr\/wp-json\/wp\/v2\/product_cat?post=105809"},{"taxonomy":"product_tag","embeddable":true,"href":"https:\/\/shop.kustom.ch\/fr\/wp-json\/wp\/v2\/product_tag?post=105809"}],"curies":[{"name":"wp","href":"https:\/\/api.w.org\/{rel}","templated":true}]}}