{"id":105572,"date":"2024-03-20T18:10:23","date_gmt":"2024-03-20T17:10:23","guid":{"rendered":"https:\/\/kustomshop.kinsta.cloud\/produkt\/progress-2-0-short-shorts-w\/"},"modified":"2026-03-27T14:29:47","modified_gmt":"2026-03-27T13:29:47","slug":"progress-2-0-short-shorts-w","status":"publish","type":"product","link":"https:\/\/shop.kustom.ch\/fr\/produit\/progress-2-0-short-shorts-w\/","title":{"rendered":"Short Progress 2.0 W"},"content":{"rendered":"<p>Les shorts Progress 2.0 sont des shorts de comp\u00e9tition avanc\u00e9s en mati\u00e8re stretch l\u00e9g\u00e8re et avec une \u00e9vacuation accrue de l'humidit\u00e9 pour des performances maximales. Le short pr\u00e9sente un design classique et uni, et la taille \u00e9lastique avec cordon de serrage assure un maintien optimal.Le polyester recycl\u00e9 r\u00e9duit l'empreinte \u00e9cologique<\/p>\n<p>- Mat\u00e9riau fonctionnel pour un excellent transfert d'humidit\u00e9 et un grand confort<br \/>\n- Cinq poches (deux avec fermeture \u00e9clair)<br \/>\n- Trois grandes poches ouvertes dans le dos<br \/>\n- bande en silicone \u00e0 l'arri\u00e8re, \u00e0 la taille, pour un maintien antid\u00e9rapant<br \/>\n- rev\u00eatement en silicone sur les \u00e9paules pour le maintien antid\u00e9rapant d'un sac \u00e0 dos<br \/>\n- \u00c9l\u00e9ments r\u00e9fl\u00e9chissants<\/p>\n<p>Mati\u00e8re : 100% polyester recycl\u00e9<\/p>","protected":false},"excerpt":{"rendered":"<p><span><\/span><\/p>","protected":false},"featured_media":105571,"template":"","meta":[],"product_brand":[],"product_cat":[4198],"product_tag":[],"class_list":{"0":"post-105572","1":"product","2":"type-product","3":"status-publish","4":"has-post-thumbnail","6":"product_cat-shorts","7":"pa_brand-craft-teamwear","8":"pa_brand-type-sportswear","9":"pa_filter-color-blau","10":"pa_filter-color-grau","11":"pa_filter-color-gruen","12":"pa_filter-color-rot","13":"pa_filter-color-schwarz","14":"pa_filter-color-weiss","16":"first","17":"instock","18":"sale","19":"taxable","20":"shipping-taxable","21":"purchasable","22":"product-type-variable","23":"add-to-wishlist-before_image"},"exclude_global_add_ons":[],"addons":[],"acf":[],"_links":{"self":[{"href":"https:\/\/shop.kustom.ch\/fr\/wp-json\/wp\/v2\/product\/105572"}],"collection":[{"href":"https:\/\/shop.kustom.ch\/fr\/wp-json\/wp\/v2\/product"}],"about":[{"href":"https:\/\/shop.kustom.ch\/fr\/wp-json\/wp\/v2\/types\/product"}],"wp:featuredmedia":[{"embeddable":true,"href":"https:\/\/shop.kustom.ch\/fr\/wp-json\/wp\/v2\/media\/105571"}],"wp:attachment":[{"href":"https:\/\/shop.kustom.ch\/fr\/wp-json\/wp\/v2\/media?parent=105572"}],"wp:term":[{"taxonomy":"product_brand","embeddable":true,"href":"https:\/\/shop.kustom.ch\/fr\/wp-json\/wp\/v2\/product_brand?post=105572"},{"taxonomy":"product_cat","embeddable":true,"href":"https:\/\/shop.kustom.ch\/fr\/wp-json\/wp\/v2\/product_cat?post=105572"},{"taxonomy":"product_tag","embeddable":true,"href":"https:\/\/shop.kustom.ch\/fr\/wp-json\/wp\/v2\/product_tag?post=105572"}],"curies":[{"name":"wp","href":"https:\/\/api.w.org\/{rel}","templated":true}]}}