{"id":105497,"date":"2024-03-20T18:09:57","date_gmt":"2024-03-20T17:09:57","guid":{"rendered":"https:\/\/kustomshop.kinsta.cloud\/produkt\/core-light-padded-vest-w\/"},"modified":"2026-03-27T14:20:13","modified_gmt":"2026-03-27T13:20:13","slug":"core-light-padded-vest-w","status":"publish","type":"product","link":"https:\/\/shop.kustom.ch\/fr\/produit\/core-light-padded-vest-w\/","title":{"rendered":"Gilet CORE Light Padded W"},"content":{"rendered":"<p>Gilet chaud avec un l\u00e9ger rembourrage en polyester recycl\u00e9. Col c\u00f4tel\u00e9 agr\u00e9ablement doux, deux poches lat\u00e9rales avec fermeture \u00e9clair sur le devant.<br \/>\n- Rembourrage l\u00e9ger en polyester recycl\u00e9<br \/>\n- Deux poches lat\u00e9rales avec fermeture \u00e9clair<br \/>\n- col en tricot c\u00f4tel\u00e9 agr\u00e9ablement doux<br \/>\n- Logo Craft sur la poitrine<br \/>\n- Logo Six-Dot sur le dos<br \/>\n- Coupe droite<\/p>\n<p>Mati\u00e8re : Mati\u00e8re : 100% polyamide recycl\u00e9. Garnissage : 100% polyester recycl\u00e9<\/p>","protected":false},"excerpt":{"rendered":"<p><span><\/span><\/p>","protected":false},"featured_media":105496,"template":"","meta":[],"product_brand":[],"product_cat":[4208],"product_tag":[],"class_list":{"0":"post-105497","1":"product","2":"type-product","3":"status-publish","4":"has-post-thumbnail","6":"product_cat-westen","7":"pa_brand-craft-retail-sportswear","8":"pa_brand-type-sportswear","9":"pa_filter-color-blau","10":"pa_filter-color-gruen","11":"pa_filter-color-schwarz","13":"first","14":"instock","15":"sale","16":"taxable","17":"shipping-taxable","18":"purchasable","19":"product-type-variable","20":"add-to-wishlist-before_image"},"exclude_global_add_ons":[],"addons":[],"acf":[],"_links":{"self":[{"href":"https:\/\/shop.kustom.ch\/fr\/wp-json\/wp\/v2\/product\/105497"}],"collection":[{"href":"https:\/\/shop.kustom.ch\/fr\/wp-json\/wp\/v2\/product"}],"about":[{"href":"https:\/\/shop.kustom.ch\/fr\/wp-json\/wp\/v2\/types\/product"}],"wp:featuredmedia":[{"embeddable":true,"href":"https:\/\/shop.kustom.ch\/fr\/wp-json\/wp\/v2\/media\/105496"}],"wp:attachment":[{"href":"https:\/\/shop.kustom.ch\/fr\/wp-json\/wp\/v2\/media?parent=105497"}],"wp:term":[{"taxonomy":"product_brand","embeddable":true,"href":"https:\/\/shop.kustom.ch\/fr\/wp-json\/wp\/v2\/product_brand?post=105497"},{"taxonomy":"product_cat","embeddable":true,"href":"https:\/\/shop.kustom.ch\/fr\/wp-json\/wp\/v2\/product_cat?post=105497"},{"taxonomy":"product_tag","embeddable":true,"href":"https:\/\/shop.kustom.ch\/fr\/wp-json\/wp\/v2\/product_tag?post=105497"}],"curies":[{"name":"wp","href":"https:\/\/api.w.org\/{rel}","templated":true}]}}