{"id":105234,"date":"2024-03-20T18:08:22","date_gmt":"2024-03-20T17:08:22","guid":{"rendered":"https:\/\/kustomshop.kinsta.cloud\/produkt\/adv-bike-ride-hydro-jacket-m\/"},"modified":"2026-03-27T14:05:29","modified_gmt":"2026-03-27T13:05:29","slug":"adv-bike-ride-hydro-jacket-m","status":"publish","type":"product","link":"https:\/\/shop.kustom.ch\/fr\/produit\/adv-bike-ride-hydro-jacket-m\/","title":{"rendered":"Veste Adv Bike Ride Hydro M"},"content":{"rendered":"<p>Veste imperm\u00e9able pour cyclistes et pendulaires avec coutures soud\u00e9es, capuche et poches ext\u00e9rieures. 8000 WP\/8000 MWP.<br \/>\n- Manches extra-longues pour une protection \u00e9lev\u00e9e \u00e0 v\u00e9lo<br \/>\n- Partie dorsale prolong\u00e9e pour une meilleure protection<br \/>\n- Trois poches avec fermeture \u00e9clair<br \/>\n- \u00c9l\u00e9ments r\u00e9fl\u00e9chissants<br \/>\n- fermeture velcro \u00e0 l'extr\u00e9mit\u00e9 des manches<br \/>\n- Mat\u00e9riaux 8000 WP ; 8000 MVP<br \/>\n- Toutes les coutures sont soud\u00e9es<\/p>\n<p>Mati\u00e8re : 100% Poyester deuxi\u00e8me mati\u00e8re : 100% Polyur\u00e9thane Doublure : 100% Polyester<\/p>","protected":false},"excerpt":{"rendered":"<p><span><\/span><\/p>","protected":false},"featured_media":105233,"template":"","meta":[],"product_brand":[],"product_cat":[4186],"product_tag":[],"class_list":{"0":"post-105234","1":"product","2":"type-product","3":"status-publish","4":"has-post-thumbnail","6":"product_cat-jacken","7":"pa_brand-craft-retail-sportswear","8":"pa_brand-type-sportswear","9":"pa_filter-color-gruen","11":"first","12":"outofstock","13":"sale","14":"taxable","15":"shipping-taxable","16":"purchasable","17":"product-type-variable","18":"add-to-wishlist-before_image"},"exclude_global_add_ons":[],"addons":[],"acf":[],"_links":{"self":[{"href":"https:\/\/shop.kustom.ch\/fr\/wp-json\/wp\/v2\/product\/105234"}],"collection":[{"href":"https:\/\/shop.kustom.ch\/fr\/wp-json\/wp\/v2\/product"}],"about":[{"href":"https:\/\/shop.kustom.ch\/fr\/wp-json\/wp\/v2\/types\/product"}],"wp:featuredmedia":[{"embeddable":true,"href":"https:\/\/shop.kustom.ch\/fr\/wp-json\/wp\/v2\/media\/105233"}],"wp:attachment":[{"href":"https:\/\/shop.kustom.ch\/fr\/wp-json\/wp\/v2\/media?parent=105234"}],"wp:term":[{"taxonomy":"product_brand","embeddable":true,"href":"https:\/\/shop.kustom.ch\/fr\/wp-json\/wp\/v2\/product_brand?post=105234"},{"taxonomy":"product_cat","embeddable":true,"href":"https:\/\/shop.kustom.ch\/fr\/wp-json\/wp\/v2\/product_cat?post=105234"},{"taxonomy":"product_tag","embeddable":true,"href":"https:\/\/shop.kustom.ch\/fr\/wp-json\/wp\/v2\/product_tag?post=105234"}],"curies":[{"name":"wp","href":"https:\/\/api.w.org\/{rel}","templated":true}]}}