{"id":105169,"date":"2024-03-20T18:07:53","date_gmt":"2024-03-20T17:07:53","guid":{"rendered":"https:\/\/kustomshop.kinsta.cloud\/produkt\/zaero-anorak-3-0-m\/"},"modified":"2026-03-27T14:41:10","modified_gmt":"2026-03-27T13:41:10","slug":"zaero-anorak-3-0-m","status":"publish","type":"product","link":"https:\/\/shop.kustom.ch\/fr\/produit\/zaero-anorak-3-0-m\/","title":{"rendered":"Anorak Zaero 3.0 M"},"content":{"rendered":"<p>L'anorak Zaero 3.0 est un anorak l\u00e9ger et respirant pour l'entra\u00eenement intensif et l'\u00e9chauffement par temps humide. Ce v\u00eatement moderne est r\u00e9sistant au vent et \u00e0 l'eau et est livr\u00e9 avec une coupe ajust\u00e9e et un design \u00e9pur\u00e9 et styl\u00e9.<br \/>\n- Mat\u00e9riau fonctionnel pour un excellent transfert d'humidit\u00e9 et un grand confort<br \/>\n- 100% Polyester recycl\u00e9<br \/>\n- Mati\u00e8res douces et \u00e9lastiques pour un ajustement optimal et une libert\u00e9 de mouvement illimit\u00e9e<br \/>\n- Trois poches ouvertes \u00e0 l'arri\u00e8re<br \/>\n- fermeture \u00e9clair sur toute la longueur du devant<br \/>\n- double bande \u00e0 l'arri\u00e8re, \u00e0 la taille, pour un ajustement s\u00fbr<\/p>\n<p>Mat\u00e9riau : polyester 100%<\/p>","protected":false},"excerpt":{"rendered":"<p><span><\/span><\/p>","protected":false},"featured_media":105168,"template":"","meta":[],"product_brand":[],"product_cat":[4186],"product_tag":[],"class_list":{"0":"post-105169","1":"product","2":"type-product","3":"status-publish","4":"has-post-thumbnail","6":"product_cat-jacken","7":"pa_brand-craft-teamwear","8":"pa_brand-type-sportswear","9":"pa_filter-color-blau","10":"pa_filter-color-schwarz","12":"first","13":"instock","14":"sale","15":"taxable","16":"shipping-taxable","17":"purchasable","18":"product-type-variable","19":"add-to-wishlist-before_image"},"exclude_global_add_ons":[],"addons":[],"acf":[],"_links":{"self":[{"href":"https:\/\/shop.kustom.ch\/fr\/wp-json\/wp\/v2\/product\/105169"}],"collection":[{"href":"https:\/\/shop.kustom.ch\/fr\/wp-json\/wp\/v2\/product"}],"about":[{"href":"https:\/\/shop.kustom.ch\/fr\/wp-json\/wp\/v2\/types\/product"}],"wp:featuredmedia":[{"embeddable":true,"href":"https:\/\/shop.kustom.ch\/fr\/wp-json\/wp\/v2\/media\/105168"}],"wp:attachment":[{"href":"https:\/\/shop.kustom.ch\/fr\/wp-json\/wp\/v2\/media?parent=105169"}],"wp:term":[{"taxonomy":"product_brand","embeddable":true,"href":"https:\/\/shop.kustom.ch\/fr\/wp-json\/wp\/v2\/product_brand?post=105169"},{"taxonomy":"product_cat","embeddable":true,"href":"https:\/\/shop.kustom.ch\/fr\/wp-json\/wp\/v2\/product_cat?post=105169"},{"taxonomy":"product_tag","embeddable":true,"href":"https:\/\/shop.kustom.ch\/fr\/wp-json\/wp\/v2\/product_tag?post=105169"}],"curies":[{"name":"wp","href":"https:\/\/api.w.org\/{rel}","templated":true}]}}