{"id":105161,"date":"2024-03-20T18:07:49","date_gmt":"2024-03-20T17:07:49","guid":{"rendered":"https:\/\/kustomshop.kinsta.cloud\/produkt\/core-bike-ride-hydro-lumen-pants-w\/"},"modified":"2026-03-27T15:14:12","modified_gmt":"2026-03-27T14:14:12","slug":"core-bike-ride-hydro-lumen-pants-w","status":"publish","type":"product","link":"https:\/\/shop.kustom.ch\/fr\/produit\/core-bike-ride-hydro-lumen-pants-w\/","title":{"rendered":"CORE Bike Ride Hydro Lumen Pants W"},"content":{"rendered":"<p>Pantalon de cycliste et de pendulaire r\u00e9sistant au vent et \u00e0 l'eau avec coutures soud\u00e9es, deux poches ext\u00e9rieures et fermeture velcro r\u00e9glable \u00e0 la taille et aux extr\u00e9mit\u00e9s des jambes.<br \/>\n- Mati\u00e8re 2 couches r\u00e9sistante au vent et \u00e0 l'eau 8 000 WP et 8 000 MVP<br \/>\n- Enti\u00e8rement scell\u00e9<br \/>\n- Fermeture velcro r\u00e9glable \u00e0 la taille et au bas des jambes<br \/>\n- \u00c9l\u00e9ments r\u00e9fl\u00e9chissants<br \/>\n- Deux poches ext\u00e9rieures<\/p>\n<p>Mat\u00e9riau : Corps : Face 100% polyester, dos 100% polyur\u00e9thane<\/p>","protected":false},"excerpt":{"rendered":"<p><span><\/span><\/p>","protected":false},"featured_media":105160,"template":"","meta":[],"product_brand":[],"product_cat":[4185],"product_tag":[],"class_list":{"0":"post-105161","1":"product","2":"type-product","3":"status-publish","4":"has-post-thumbnail","6":"product_cat-hosen","7":"pa_brand-craft-retail-sportswear","8":"pa_brand-type-sportswear","9":"pa_filter-color-schwarz","11":"first","12":"outofstock","13":"sale","14":"taxable","15":"shipping-taxable","16":"purchasable","17":"product-type-variable","18":"add-to-wishlist-before_image"},"exclude_global_add_ons":[],"addons":[],"acf":[],"_links":{"self":[{"href":"https:\/\/shop.kustom.ch\/fr\/wp-json\/wp\/v2\/product\/105161"}],"collection":[{"href":"https:\/\/shop.kustom.ch\/fr\/wp-json\/wp\/v2\/product"}],"about":[{"href":"https:\/\/shop.kustom.ch\/fr\/wp-json\/wp\/v2\/types\/product"}],"wp:featuredmedia":[{"embeddable":true,"href":"https:\/\/shop.kustom.ch\/fr\/wp-json\/wp\/v2\/media\/105160"}],"wp:attachment":[{"href":"https:\/\/shop.kustom.ch\/fr\/wp-json\/wp\/v2\/media?parent=105161"}],"wp:term":[{"taxonomy":"product_brand","embeddable":true,"href":"https:\/\/shop.kustom.ch\/fr\/wp-json\/wp\/v2\/product_brand?post=105161"},{"taxonomy":"product_cat","embeddable":true,"href":"https:\/\/shop.kustom.ch\/fr\/wp-json\/wp\/v2\/product_cat?post=105161"},{"taxonomy":"product_tag","embeddable":true,"href":"https:\/\/shop.kustom.ch\/fr\/wp-json\/wp\/v2\/product_tag?post=105161"}],"curies":[{"name":"wp","href":"https:\/\/api.w.org\/{rel}","templated":true}]}}