{"id":104976,"date":"2024-03-20T18:06:29","date_gmt":"2024-03-20T17:06:29","guid":{"rendered":"https:\/\/kustomshop.kinsta.cloud\/produkt\/pro-hydro-lumen-jacket-2-m\/"},"modified":"2026-03-27T14:28:32","modified_gmt":"2026-03-27T13:28:32","slug":"pro-hydro-lumen-jacket-2-m","status":"publish","type":"product","link":"https:\/\/shop.kustom.ch\/fr\/produit\/pro-hydro-lumen-jacket-2-m\/","title":{"rendered":"Veste PRO Hydro Lumen 2 M"},"content":{"rendered":"<p>Veste de course pour les professionnels en mati\u00e8re Ventair\u00ae 3 couches respirante et imperm\u00e9able. El\u00e9ments r\u00e9fl\u00e9chissants sur tout le pourtour, zones climatiques sp\u00e9ciales pour une bonne ventilation et capuche r\u00e9glable.<\/p>\n<p>- El\u00e9ments r\u00e9fl\u00e9chissants sur tout le pourtour, devant, sur les manches et dans le dos<br \/>\n- Tissu lamin\u00e9 3 couches Ventair\u00ae 15 000 WP\/10 000 MVP r\u00e9sistant au vent et \u00e0 l'eau<br \/>\n- Poche d\u00e9coup\u00e9e au laser sur le torse pour ranger des objets en toute s\u00e9curit\u00e9<br \/>\n- Ouverture de ventilation d\u00e9coup\u00e9e au laser \u00e0 l'avant<br \/>\n- Capuche r\u00e9glable avec une languette pratique pour la fixer lorsqu'elle n'est pas utilis\u00e9e<br \/>\n- zone de ventilation perfor\u00e9e sous les manches<br \/>\n- Insert avec ouvertures d'a\u00e9ration en mesh avec finition Wicking pour une \u00e9vacuation optimale de l'humidit\u00e9<br \/>\n- Finitions des manches c\u00f4tel\u00e9es<\/p>\n<p>Mat\u00e9riau : Body Face 100% Polyester Body Mid 100% Polyur\u00e9thane Body Back 100% Polyester<\/p>","protected":false},"excerpt":{"rendered":"<p><span><\/span><\/p>","protected":false},"featured_media":104975,"template":"","meta":[],"product_brand":[],"product_cat":[4186],"product_tag":[],"class_list":{"0":"post-104976","1":"product","2":"type-product","3":"status-publish","4":"has-post-thumbnail","6":"product_cat-jacken","7":"pa_brand-craft-retail-sportswear","8":"pa_brand-type-sportswear","9":"pa_filter-color-grau","10":"pa_filter-color-weiss","12":"first","13":"instock","14":"sale","15":"taxable","16":"shipping-taxable","17":"purchasable","18":"product-type-variable","19":"add-to-wishlist-before_image"},"exclude_global_add_ons":[],"addons":[],"acf":[],"_links":{"self":[{"href":"https:\/\/shop.kustom.ch\/fr\/wp-json\/wp\/v2\/product\/104976"}],"collection":[{"href":"https:\/\/shop.kustom.ch\/fr\/wp-json\/wp\/v2\/product"}],"about":[{"href":"https:\/\/shop.kustom.ch\/fr\/wp-json\/wp\/v2\/types\/product"}],"wp:featuredmedia":[{"embeddable":true,"href":"https:\/\/shop.kustom.ch\/fr\/wp-json\/wp\/v2\/media\/104975"}],"wp:attachment":[{"href":"https:\/\/shop.kustom.ch\/fr\/wp-json\/wp\/v2\/media?parent=104976"}],"wp:term":[{"taxonomy":"product_brand","embeddable":true,"href":"https:\/\/shop.kustom.ch\/fr\/wp-json\/wp\/v2\/product_brand?post=104976"},{"taxonomy":"product_cat","embeddable":true,"href":"https:\/\/shop.kustom.ch\/fr\/wp-json\/wp\/v2\/product_cat?post=104976"},{"taxonomy":"product_tag","embeddable":true,"href":"https:\/\/shop.kustom.ch\/fr\/wp-json\/wp\/v2\/product_tag?post=104976"}],"curies":[{"name":"wp","href":"https:\/\/api.w.org\/{rel}","templated":true}]}}