{"id":104897,"date":"2024-03-20T18:05:50","date_gmt":"2024-03-20T17:05:50","guid":{"rendered":"https:\/\/kustomshop.kinsta.cloud\/produkt\/adv-subz-lumen-jacket-2-w\/"},"modified":"2026-03-27T14:06:50","modified_gmt":"2026-03-27T13:06:50","slug":"adv-subz-lumen-jacket-2-w","status":"publish","type":"product","link":"https:\/\/shop.kustom.ch\/fr\/produit\/adv-subz-lumen-jacket-2-w\/","title":{"rendered":"Veste ADV SubZ Lumen 2 W"},"content":{"rendered":"<p>Veste de course \u00e0 pied pour coureurs avanc\u00e9s avec devant en mati\u00e8re Ventair\u00ae coupe-vent avec une l\u00e9g\u00e8re doublure et un imprim\u00e9 r\u00e9fl\u00e9chissant. Jersey gratt\u00e9 sur les manches et dans le dos pour plus de chaleur et de confort. Ceinture Getapter et trou pour le pouce au bout des manches.<br \/>\n- Devant en tissu Ventair\u00ae coupe-vent avec une l\u00e9g\u00e8re doublure et des imprim\u00e9s r\u00e9fl\u00e9chissants.<br \/>\n- jersey gratt\u00e9 sur les manches et dans le dos pour plus de chaleur et de confort<br \/>\n- trou pour le pouce au bout des manches pour plus de chaleur et une protection suppl\u00e9mentaire<br \/>\n- Coupe normale<br \/>\n- Bund de Getapter<br \/>\n- \u00e9l\u00e9ments imprim\u00e9s r\u00e9fl\u00e9chissants sur les manches<br \/>\n- Logo Craft imprim\u00e9 sur le torse<br \/>\n- Logo imprim\u00e9 \u00e0 six points dans le dos<br \/>\n- \u00c9l\u00e9ments r\u00e9fl\u00e9chissants sur tout le pourtour<\/p>\n<p>Mat\u00e9riau : Front body : 100% Polyester Back body : 88% Polyester-recycl\u00e9 12% Elastan Sleeves : 88% Polyester-recycl\u00e9 12% Elastan<\/p>","protected":false},"excerpt":{"rendered":"<p><span><\/span><\/p>","protected":false},"featured_media":104896,"template":"","meta":[],"product_brand":[],"product_cat":[4186],"product_tag":[],"class_list":{"0":"post-104897","1":"product","2":"type-product","3":"status-publish","4":"has-post-thumbnail","6":"product_cat-jacken","7":"pa_brand-craft-retail-sportswear","8":"pa_brand-type-sportswear","9":"pa_filter-color-grau","10":"pa_filter-color-weiss","12":"first","13":"outofstock","14":"sale","15":"taxable","16":"shipping-taxable","17":"purchasable","18":"product-type-variable","19":"add-to-wishlist-before_image"},"exclude_global_add_ons":[],"addons":[],"acf":[],"_links":{"self":[{"href":"https:\/\/shop.kustom.ch\/fr\/wp-json\/wp\/v2\/product\/104897"}],"collection":[{"href":"https:\/\/shop.kustom.ch\/fr\/wp-json\/wp\/v2\/product"}],"about":[{"href":"https:\/\/shop.kustom.ch\/fr\/wp-json\/wp\/v2\/types\/product"}],"wp:featuredmedia":[{"embeddable":true,"href":"https:\/\/shop.kustom.ch\/fr\/wp-json\/wp\/v2\/media\/104896"}],"wp:attachment":[{"href":"https:\/\/shop.kustom.ch\/fr\/wp-json\/wp\/v2\/media?parent=104897"}],"wp:term":[{"taxonomy":"product_brand","embeddable":true,"href":"https:\/\/shop.kustom.ch\/fr\/wp-json\/wp\/v2\/product_brand?post=104897"},{"taxonomy":"product_cat","embeddable":true,"href":"https:\/\/shop.kustom.ch\/fr\/wp-json\/wp\/v2\/product_cat?post=104897"},{"taxonomy":"product_tag","embeddable":true,"href":"https:\/\/shop.kustom.ch\/fr\/wp-json\/wp\/v2\/product_tag?post=104897"}],"curies":[{"name":"wp","href":"https:\/\/api.w.org\/{rel}","templated":true}]}}