{"id":104865,"date":"2024-03-20T18:05:33","date_gmt":"2024-03-20T17:05:33","guid":{"rendered":"https:\/\/kustomshop.kinsta.cloud\/produkt\/adv-subz-wool-ls-tee-2-w\/"},"modified":"2026-03-27T14:57:57","modified_gmt":"2026-03-27T13:57:57","slug":"adv-subz-wool-ls-tee-2-w","status":"publish","type":"product","link":"https:\/\/shop.kustom.ch\/fr\/produit\/adv-subz-wool-ls-tee-2-w\/","title":{"rendered":"ADV SubZ Wool LS Tee 2 W"},"content":{"rendered":"<p>T-shirt de course \u00e0 col roul\u00e9 pour coureurs confirm\u00e9s, en jersey de polyester et laine m\u00e9rinos douce et chaude. Empi\u00e8cements en mesh sur les c\u00f4t\u00e9s et sous les aisselles pour une meilleure ventilation.<br \/>\n\u2022 Jersey confortable en polyester et laine m\u00e9rinos douce et chaude<br \/>\n\u2022 Col roul\u00e9 pour plus de chaleur et une meilleure protection, doublure en maille polyester pour une sensation agr\u00e9able sur la peau<br \/>\n\u2022 Maille polyester sur les c\u00f4t\u00e9s et sous les aisselles pour une meilleure ventilation<br \/>\n\u2022 \u00c9l\u00e9ments r\u00e9fl\u00e9chissants aux extr\u00e9mit\u00e9s des manches<br \/>\n- Coupe normale<br \/>\n- Logo Craft sur la poitrine<br \/>\n- Logo \u00e0 six points \u00e0 l'arri\u00e8re<br \/>\n\u2022 Bande avec logo Craft sur le col pour un look sobre<br \/>\n\u2022 Trou pour le pouce \u00e0 l'extr\u00e9mit\u00e9 de la manche<\/p>\n<p>Mat\u00e9riau : polyester 80%, laine m\u00e9rinos 20%<\/p>","protected":false},"excerpt":{"rendered":"<p><span><\/span><\/p>","protected":false},"featured_media":104864,"template":"","meta":[],"product_brand":[],"product_cat":[4201],"product_tag":[],"class_list":{"0":"post-104865","1":"product","2":"type-product","3":"status-publish","4":"has-post-thumbnail","6":"product_cat-t-shirts","7":"pa_brand-craft-retail-sportswear","8":"pa_brand-type-sportswear","9":"pa_filter-color-beige","11":"first","12":"instock","13":"sale","14":"taxable","15":"shipping-taxable","16":"purchasable","17":"product-type-variable","18":"add-to-wishlist-before_image"},"exclude_global_add_ons":[],"addons":[],"acf":[],"_links":{"self":[{"href":"https:\/\/shop.kustom.ch\/fr\/wp-json\/wp\/v2\/product\/104865"}],"collection":[{"href":"https:\/\/shop.kustom.ch\/fr\/wp-json\/wp\/v2\/product"}],"about":[{"href":"https:\/\/shop.kustom.ch\/fr\/wp-json\/wp\/v2\/types\/product"}],"wp:featuredmedia":[{"embeddable":true,"href":"https:\/\/shop.kustom.ch\/fr\/wp-json\/wp\/v2\/media\/104864"}],"wp:attachment":[{"href":"https:\/\/shop.kustom.ch\/fr\/wp-json\/wp\/v2\/media?parent=104865"}],"wp:term":[{"taxonomy":"product_brand","embeddable":true,"href":"https:\/\/shop.kustom.ch\/fr\/wp-json\/wp\/v2\/product_brand?post=104865"},{"taxonomy":"product_cat","embeddable":true,"href":"https:\/\/shop.kustom.ch\/fr\/wp-json\/wp\/v2\/product_cat?post=104865"},{"taxonomy":"product_tag","embeddable":true,"href":"https:\/\/shop.kustom.ch\/fr\/wp-json\/wp\/v2\/product_tag?post=104865"}],"curies":[{"name":"wp","href":"https:\/\/api.w.org\/{rel}","templated":true}]}}