{"id":104857,"date":"2024-03-20T18:05:29","date_gmt":"2024-03-20T17:05:29","guid":{"rendered":"https:\/\/kustomshop.kinsta.cloud\/produkt\/adv-subz-tights-2-w\/"},"modified":"2026-03-27T14:55:12","modified_gmt":"2026-03-27T13:55:12","slug":"adv-subz-tights-2-w","status":"publish","type":"product","link":"https:\/\/shop.kustom.ch\/fr\/produit\/adv-subz-tights-2-w\/","title":{"rendered":"Collant ADV SubZ 2 W"},"content":{"rendered":"<p>Collant de course pour coureurs avanc\u00e9s avec partie avant en mati\u00e8re Ventair\u00ae coupe-vent avec une l\u00e9g\u00e8re doublure et un design 3 couches coll\u00e9. Jersey en polyester recycl\u00e9 gratt\u00e9 et en \u00e9lasthanne sur le haut du devant, dans le dos et aux extr\u00e9mit\u00e9s des jambes pour plus de chaleur et de confort. Large ceinture avec int\u00e9rieur \u00e9lastique.<br \/>\n- Face avant en tissu Ventair\u00ae coupe-vent avec doublure l\u00e9g\u00e8re et design 3 couches coll\u00e9es<br \/>\n- Jersey en polyester recycl\u00e9 gratt\u00e9 et en \u00e9lasthanne sur la partie sup\u00e9rieure avant, dans le dos et \u00e0 l'arri\u00e8re des jambes pour plus de chaleur et de confort.<br \/>\n- Coupe ajust\u00e9e<br \/>\n- Large ceinture en jersey avec int\u00e9rieur \u00e9lastique pour un ajustement optimal<br \/>\n- Fermeture \u00e0 glissi\u00e8re dissimul\u00e9e au bas des jambes<br \/>\n- Poche zipp\u00e9e dissimul\u00e9e \u00e0 la taille<br \/>\n- Logo Craft sur le devant de la jambe<br \/>\n- Logo \u00e0 six points \u00e0 l'arri\u00e8re de la jambe<\/p>\n<p>Mat\u00e9riau : Front body : 100% Polyester Back body : 88% Polyester-recycl\u00e9 12% Elasthanne<\/p>","protected":false},"excerpt":{"rendered":"<p><span><\/span><\/p>","protected":false},"featured_media":104856,"template":"","meta":[],"product_brand":[],"product_cat":[4190],"product_tag":[],"class_list":{"0":"post-104857","1":"product","2":"type-product","3":"status-publish","4":"has-post-thumbnail","6":"product_cat-leggings","7":"pa_brand-craft-retail-sportswear","8":"pa_brand-type-sportswear","9":"pa_filter-color-schwarz","11":"first","12":"outofstock","13":"sale","14":"taxable","15":"shipping-taxable","16":"purchasable","17":"product-type-variable","18":"add-to-wishlist-before_image"},"exclude_global_add_ons":[],"addons":[],"acf":[],"_links":{"self":[{"href":"https:\/\/shop.kustom.ch\/fr\/wp-json\/wp\/v2\/product\/104857"}],"collection":[{"href":"https:\/\/shop.kustom.ch\/fr\/wp-json\/wp\/v2\/product"}],"about":[{"href":"https:\/\/shop.kustom.ch\/fr\/wp-json\/wp\/v2\/types\/product"}],"wp:featuredmedia":[{"embeddable":true,"href":"https:\/\/shop.kustom.ch\/fr\/wp-json\/wp\/v2\/media\/104856"}],"wp:attachment":[{"href":"https:\/\/shop.kustom.ch\/fr\/wp-json\/wp\/v2\/media?parent=104857"}],"wp:term":[{"taxonomy":"product_brand","embeddable":true,"href":"https:\/\/shop.kustom.ch\/fr\/wp-json\/wp\/v2\/product_brand?post=104857"},{"taxonomy":"product_cat","embeddable":true,"href":"https:\/\/shop.kustom.ch\/fr\/wp-json\/wp\/v2\/product_cat?post=104857"},{"taxonomy":"product_tag","embeddable":true,"href":"https:\/\/shop.kustom.ch\/fr\/wp-json\/wp\/v2\/product_tag?post=104857"}],"curies":[{"name":"wp","href":"https:\/\/api.w.org\/{rel}","templated":true}]}}