{"id":104849,"date":"2024-03-20T18:05:25","date_gmt":"2024-03-20T17:05:25","guid":{"rendered":"https:\/\/kustomshop.kinsta.cloud\/produkt\/pro-hydro-pants-w\/"},"modified":"2026-03-27T14:46:22","modified_gmt":"2026-03-27T13:46:22","slug":"pro-hydro-pants-w","status":"publish","type":"product","link":"https:\/\/shop.kustom.ch\/fr\/produit\/pro-hydro-pants-w\/","title":{"rendered":"PRO Hydro Pants W"},"content":{"rendered":"<p>Pantalon de course pour professionnels en mati\u00e8re Ventair\u00ae 3 couches respirante et imperm\u00e9able \u00e0 l'avant et aux extr\u00e9mit\u00e9s des jambes et en jersey \u00e9lastique \u00e0 l'arri\u00e8re pour un maintien optimal et une \u00e9vacuation efficace de l'humidit\u00e9.<br \/>\n- Devant et bas de jambe en mat\u00e9riau lamin\u00e9 3 couches Ventair\u00ae 15 000 WP\/10 000 MVP r\u00e9sistant au vent et \u00e0 l'eau<br \/>\n- dos en jersey polyamide et \u00e9lasthanne recycl\u00e9 pour un bon maintien et l'\u00e9vacuation de l'humidit\u00e9<br \/>\n- Large ceinture en jersey avec int\u00e9rieur \u00e9lastique pour un ajustement optimal<br \/>\n- Poches \u00e0 fermeture \u00e9clair d\u00e9coup\u00e9es au laser sur le devant<br \/>\n- fermeture \u00e9clair au bas des jambes<br \/>\n- \u00c9l\u00e9ments r\u00e9fl\u00e9chissants<br \/>\n- Logo Craft sur le devant<br \/>\n- Logo \u00e0 six points \u00e0 l'arri\u00e8re des jambes<\/p>\n<p>Mat\u00e9riau : Front body : Face 100% Polyester Mid 100% Polyur\u00e9thane Back 100% Polyester Back body : 72% Polyamide recycl\u00e9 28% Elasthanne<\/p>","protected":false},"excerpt":{"rendered":"<p><span><\/span><\/p>","protected":false},"featured_media":104848,"template":"","meta":[],"product_brand":[],"product_cat":[4185],"product_tag":[],"class_list":{"0":"post-104849","1":"product","2":"type-product","3":"status-publish","4":"has-post-thumbnail","6":"product_cat-hosen","7":"pa_brand-craft-retail-sportswear","8":"pa_brand-type-sportswear","9":"pa_filter-color-schwarz","11":"first","12":"outofstock","13":"sale","14":"taxable","15":"shipping-taxable","16":"purchasable","17":"product-type-variable","18":"add-to-wishlist-before_image"},"exclude_global_add_ons":[],"addons":[],"acf":[],"_links":{"self":[{"href":"https:\/\/shop.kustom.ch\/fr\/wp-json\/wp\/v2\/product\/104849"}],"collection":[{"href":"https:\/\/shop.kustom.ch\/fr\/wp-json\/wp\/v2\/product"}],"about":[{"href":"https:\/\/shop.kustom.ch\/fr\/wp-json\/wp\/v2\/types\/product"}],"wp:featuredmedia":[{"embeddable":true,"href":"https:\/\/shop.kustom.ch\/fr\/wp-json\/wp\/v2\/media\/104848"}],"wp:attachment":[{"href":"https:\/\/shop.kustom.ch\/fr\/wp-json\/wp\/v2\/media?parent=104849"}],"wp:term":[{"taxonomy":"product_brand","embeddable":true,"href":"https:\/\/shop.kustom.ch\/fr\/wp-json\/wp\/v2\/product_brand?post=104849"},{"taxonomy":"product_cat","embeddable":true,"href":"https:\/\/shop.kustom.ch\/fr\/wp-json\/wp\/v2\/product_cat?post=104849"},{"taxonomy":"product_tag","embeddable":true,"href":"https:\/\/shop.kustom.ch\/fr\/wp-json\/wp\/v2\/product_tag?post=104849"}],"curies":[{"name":"wp","href":"https:\/\/api.w.org\/{rel}","templated":true}]}}