{"id":104834,"date":"2024-03-20T18:05:19","date_gmt":"2024-03-20T17:05:19","guid":{"rendered":"https:\/\/kustomshop.kinsta.cloud\/produkt\/pro-hydro-jacket-2-w\/"},"modified":"2026-03-27T14:15:58","modified_gmt":"2026-03-27T13:15:58","slug":"pro-hydro-jacket-2-w","status":"publish","type":"product","link":"https:\/\/shop.kustom.ch\/fr\/produit\/pro-hydro-jacket-2-w\/","title":{"rendered":"Veste PRO Hydro 2 W"},"content":{"rendered":"<p>Veste de course pour les professionnels en mati\u00e8re Ventair\u00ae 3 couches respirante et imperm\u00e9able. Zones climatiques sp\u00e9ciales pour une bonne ventilation, capuche r\u00e9glable et \u00e9l\u00e9ments r\u00e9fl\u00e9chissants.<br \/>\n- Logo Craft r\u00e9fl\u00e9chissant sur le torse et logo \u00e0 six points dans le dos<br \/>\n- Mati\u00e8re lamin\u00e9e 3 couches r\u00e9sistante au vent et \u00e0 l'eau Ventair\u00ae 15 000 WP\/10 000 MVP<br \/>\n- Poche avant d\u00e9coup\u00e9e au laser pour ranger des objets en toute s\u00e9curit\u00e9<br \/>\n- Capuche r\u00e9glable avec une languette pratique pour la fixer lorsqu'elle n'est pas utilis\u00e9e<br \/>\n- zone de ventilation perfor\u00e9e sous les manches<br \/>\n- Finitions des manches c\u00f4tel\u00e9es<\/p>\n<p>Mat\u00e9riau : Body Face 100% Polyester Body Mid 100% Polyur\u00e9thane Body Back 100% Polyester<\/p>","protected":false},"excerpt":{"rendered":"<p><span><\/span><\/p>","protected":false},"featured_media":104833,"template":"","meta":[],"product_brand":[],"product_cat":[4186],"product_tag":[],"class_list":{"0":"post-104834","1":"product","2":"type-product","3":"status-publish","4":"has-post-thumbnail","6":"product_cat-jacken","7":"pa_brand-craft-retail-sportswear","8":"pa_brand-type-sportswear","9":"pa_filter-color-gelb","10":"pa_filter-color-grau","11":"pa_filter-color-schwarz","13":"first","14":"instock","15":"sale","16":"taxable","17":"shipping-taxable","18":"purchasable","19":"product-type-variable","20":"add-to-wishlist-before_image"},"exclude_global_add_ons":[],"addons":[],"acf":[],"_links":{"self":[{"href":"https:\/\/shop.kustom.ch\/fr\/wp-json\/wp\/v2\/product\/104834"}],"collection":[{"href":"https:\/\/shop.kustom.ch\/fr\/wp-json\/wp\/v2\/product"}],"about":[{"href":"https:\/\/shop.kustom.ch\/fr\/wp-json\/wp\/v2\/types\/product"}],"wp:featuredmedia":[{"embeddable":true,"href":"https:\/\/shop.kustom.ch\/fr\/wp-json\/wp\/v2\/media\/104833"}],"wp:attachment":[{"href":"https:\/\/shop.kustom.ch\/fr\/wp-json\/wp\/v2\/media?parent=104834"}],"wp:term":[{"taxonomy":"product_brand","embeddable":true,"href":"https:\/\/shop.kustom.ch\/fr\/wp-json\/wp\/v2\/product_brand?post=104834"},{"taxonomy":"product_cat","embeddable":true,"href":"https:\/\/shop.kustom.ch\/fr\/wp-json\/wp\/v2\/product_cat?post=104834"},{"taxonomy":"product_tag","embeddable":true,"href":"https:\/\/shop.kustom.ch\/fr\/wp-json\/wp\/v2\/product_tag?post=104834"}],"curies":[{"name":"wp","href":"https:\/\/api.w.org\/{rel}","templated":true}]}}