{"id":104804,"date":"2024-03-20T18:05:04","date_gmt":"2024-03-20T17:05:04","guid":{"rendered":"https:\/\/kustomshop.kinsta.cloud\/produkt\/core-charge-rib-singlet-w\/"},"modified":"2026-03-27T15:07:18","modified_gmt":"2026-03-27T14:07:18","slug":"core-charge-rib-singlet-w","status":"publish","type":"product","link":"https:\/\/shop.kustom.ch\/fr\/produit\/core-charge-rib-singlet-w\/","title":{"rendered":"Core Charge Rib D\u00e9bardeur W"},"content":{"rendered":"<p>Haut d'entra\u00eenement doux et styl\u00e9 en jersey de polyester recycl\u00e9 et \u00e9lasthanne avec effet c\u00f4tel\u00e9, adapt\u00e9 \u00e0 la plupart des activit\u00e9s sportives.<br \/>\n- Coupe normale<br \/>\n- Jersey agr\u00e9able en polyester recycl\u00e9 et \u00e9lasthanne avec effet c\u00f4tel\u00e9<\/p>\n<p>Mati\u00e8re : 77% polyester recycl\u00e9 11% polyester 12% \u00e9lasthanne<\/p>","protected":false},"excerpt":{"rendered":"<p><span><\/span><\/p>","protected":false},"featured_media":104803,"template":"","meta":[],"product_brand":[],"product_cat":[4202],"product_tag":[],"class_list":{"0":"post-104804","1":"product","2":"type-product","3":"status-publish","4":"has-post-thumbnail","6":"product_cat-tank-tops","7":"pa_brand-craft-retail-sportswear","8":"pa_brand-type-sportswear","9":"pa_filter-color-violet","11":"first","12":"instock","13":"sale","14":"taxable","15":"shipping-taxable","16":"purchasable","17":"product-type-variable","18":"add-to-wishlist-before_image"},"exclude_global_add_ons":[],"addons":[],"acf":[],"_links":{"self":[{"href":"https:\/\/shop.kustom.ch\/fr\/wp-json\/wp\/v2\/product\/104804"}],"collection":[{"href":"https:\/\/shop.kustom.ch\/fr\/wp-json\/wp\/v2\/product"}],"about":[{"href":"https:\/\/shop.kustom.ch\/fr\/wp-json\/wp\/v2\/types\/product"}],"wp:featuredmedia":[{"embeddable":true,"href":"https:\/\/shop.kustom.ch\/fr\/wp-json\/wp\/v2\/media\/104803"}],"wp:attachment":[{"href":"https:\/\/shop.kustom.ch\/fr\/wp-json\/wp\/v2\/media?parent=104804"}],"wp:term":[{"taxonomy":"product_brand","embeddable":true,"href":"https:\/\/shop.kustom.ch\/fr\/wp-json\/wp\/v2\/product_brand?post=104804"},{"taxonomy":"product_cat","embeddable":true,"href":"https:\/\/shop.kustom.ch\/fr\/wp-json\/wp\/v2\/product_cat?post=104804"},{"taxonomy":"product_tag","embeddable":true,"href":"https:\/\/shop.kustom.ch\/fr\/wp-json\/wp\/v2\/product_tag?post=104804"}],"curies":[{"name":"wp","href":"https:\/\/api.w.org\/{rel}","templated":true}]}}