{"id":104741,"date":"2024-03-20T18:04:43","date_gmt":"2024-03-20T17:04:43","guid":{"rendered":"https:\/\/kustomshop.kinsta.cloud\/produkt\/adv-essence-wind-jacket-w\/"},"modified":"2026-04-20T12:21:28","modified_gmt":"2026-04-20T11:21:28","slug":"adv-essence-wind-jacket-w","status":"publish","type":"product","link":"https:\/\/shop.kustom.ch\/fr\/produit\/adv-essence-wind-jacket-w\/","title":{"rendered":"Veste coupe-vent ADV Essence W"},"content":{"rendered":"<p>Veste de surv\u00eatement polyvalente avec cordon de serrage \u00e0 la taille pour un look f\u00e9minin. Fabriqu\u00e9e en tissu polyester recycl\u00e9 l\u00e9ger, coupe-vent et d\u00e9perlant pour une \u00e9vacuation efficace de l'humidit\u00e9. Zones perfor\u00e9es sur le torse et sous les manches pour une ventilation accrue. Deux poches lat\u00e9rales avec fermeture \u00e9clair.<br \/>\n- Tissu en polyester recycl\u00e9 l\u00e9ger, r\u00e9sistant au vent et \u00e0 l'eau<br \/>\n- Zones perfor\u00e9es sur le torse et sous les manches pour une meilleure ventilation<br \/>\n- Cordon de serrage \u00e0 la taille<br \/>\n- Deux poches lat\u00e9rales avec fermeture \u00e9clair sur le devant pour ranger des objets en toute s\u00e9curit\u00e9<br \/>\n- Cordon de serrage \u00e0 la taille<\/p>\n<p>Mati\u00e8re : polyester recycl\u00e9 60% polyester 40%<\/p>","protected":false},"excerpt":{"rendered":"<p>Vielseitige Trainingsjacke mit Kordelzug an der Taille f\u00fcr einen femininen Look. Aus leichtem, wind- und wasserabweisendem Recycling-Polyestergewebe f\u00fcr einen effizienten Feuchtigkeitstransport. Perforierte Bereiche am Oberk\u00f6rper und unter den \u00c4rmeln f\u00fcr erh\u00f6hte Ventilation. Zwei Seitentaschen mit Reissverschluss. \u2022 Wind- und wasserabweisendes, leichtes Recycling-Polyestergewebe \u2022 Perforierte Bereiche am Oberk\u00f6rper und unter den \u00c4rmeln f\u00fcr erh\u00f6hte Ventilation \u2022 [&hellip;]<\/p>\n","protected":false},"featured_media":104740,"template":"","meta":[],"product_brand":[],"product_cat":[4186],"product_tag":[],"class_list":{"0":"post-104741","1":"product","2":"type-product","3":"status-publish","4":"has-post-thumbnail","6":"product_cat-jacken","7":"pa_brand-craft-retail-sportswear","8":"pa_brand-type-sportswear","9":"pa_filter-color-blau","10":"pa_filter-color-gelb","11":"pa_filter-color-pink","12":"pa_filter-color-schwarz","14":"first","15":"instock","16":"sale","17":"taxable","18":"shipping-taxable","19":"purchasable","20":"product-type-variable","21":"add-to-wishlist-before_image"},"exclude_global_add_ons":[],"addons":[],"acf":[],"_links":{"self":[{"href":"https:\/\/shop.kustom.ch\/fr\/wp-json\/wp\/v2\/product\/104741"}],"collection":[{"href":"https:\/\/shop.kustom.ch\/fr\/wp-json\/wp\/v2\/product"}],"about":[{"href":"https:\/\/shop.kustom.ch\/fr\/wp-json\/wp\/v2\/types\/product"}],"wp:featuredmedia":[{"embeddable":true,"href":"https:\/\/shop.kustom.ch\/fr\/wp-json\/wp\/v2\/media\/104740"}],"wp:attachment":[{"href":"https:\/\/shop.kustom.ch\/fr\/wp-json\/wp\/v2\/media?parent=104741"}],"wp:term":[{"taxonomy":"product_brand","embeddable":true,"href":"https:\/\/shop.kustom.ch\/fr\/wp-json\/wp\/v2\/product_brand?post=104741"},{"taxonomy":"product_cat","embeddable":true,"href":"https:\/\/shop.kustom.ch\/fr\/wp-json\/wp\/v2\/product_cat?post=104741"},{"taxonomy":"product_tag","embeddable":true,"href":"https:\/\/shop.kustom.ch\/fr\/wp-json\/wp\/v2\/product_tag?post=104741"}],"curies":[{"name":"wp","href":"https:\/\/api.w.org\/{rel}","templated":true}]}}