{"id":104677,"date":"2024-03-20T18:04:15","date_gmt":"2024-03-20T17:04:15","guid":{"rendered":"https:\/\/kustomshop.kinsta.cloud\/produkt\/pro-bike-subz-wind-bib-tight-m\/"},"modified":"2026-03-27T14:43:37","modified_gmt":"2026-03-27T13:43:37","slug":"pro-bike-subz-wind-bib-tight-m","status":"publish","type":"product","link":"https:\/\/shop.kustom.ch\/fr\/produit\/pro-bike-subz-wind-bib-tight-m\/","title":{"rendered":"Cuissard coupe-vent Pro Bike SubZ M"},"content":{"rendered":"<p>Collant coupe-vent et d\u00e9perlant pour le cyclisme professionnel avec int\u00e9rieur gratt\u00e9 pour une haute protection par tous les temps ainsi que de la chaleur lors d'un cyclisme intensif par temps froid, avec C1 Pad.<br \/>\n- Mat\u00e9riaux \u00e9lastiques r\u00e9sistants au vent et \u00e0 l'eau pour une tenue optimale<br \/>\n- Int\u00e9rieur gratt\u00e9 pour plus de chaleur et de confort<br \/>\n- \u00c9l\u00e9ments r\u00e9fl\u00e9chissants et impressions<br \/>\n- fermeture \u00e9clair au bas des jambes<br \/>\n- Syst\u00e8me de bretelles avec ouvertures d\u00e9coup\u00e9es au laser pour une meilleure ventilation<br \/>\n- 10 000 WP\/8 000 MVP<\/p>\n<p>Mat\u00e9riau : Upper Body, face 88% polyester 12% \u00e9lasthanne Middle : 100% polyur\u00e9thane Back : 88% polyester 12% \u00e9lasthanne, Lower front body : face 100 polyester Middle 100% polyur\u00e9thane Back 100% polyester, Lower back body : 86% polyamide, 14% \u00e9lasthanne<\/p>","protected":false},"excerpt":{"rendered":"<p><span><\/span><\/p>","protected":false},"featured_media":104676,"template":"","meta":[],"product_brand":[],"product_cat":[4190],"product_tag":[],"class_list":{"0":"post-104677","1":"product","2":"type-product","3":"status-publish","4":"has-post-thumbnail","6":"product_cat-leggings","7":"pa_brand-craft-retail-sportswear","8":"pa_brand-type-sportswear","9":"pa_filter-color-schwarz","11":"first","12":"outofstock","13":"sale","14":"taxable","15":"shipping-taxable","16":"purchasable","17":"product-type-variable","18":"add-to-wishlist-before_image"},"exclude_global_add_ons":[],"addons":[],"acf":[],"_links":{"self":[{"href":"https:\/\/shop.kustom.ch\/fr\/wp-json\/wp\/v2\/product\/104677"}],"collection":[{"href":"https:\/\/shop.kustom.ch\/fr\/wp-json\/wp\/v2\/product"}],"about":[{"href":"https:\/\/shop.kustom.ch\/fr\/wp-json\/wp\/v2\/types\/product"}],"wp:featuredmedia":[{"embeddable":true,"href":"https:\/\/shop.kustom.ch\/fr\/wp-json\/wp\/v2\/media\/104676"}],"wp:attachment":[{"href":"https:\/\/shop.kustom.ch\/fr\/wp-json\/wp\/v2\/media?parent=104677"}],"wp:term":[{"taxonomy":"product_brand","embeddable":true,"href":"https:\/\/shop.kustom.ch\/fr\/wp-json\/wp\/v2\/product_brand?post=104677"},{"taxonomy":"product_cat","embeddable":true,"href":"https:\/\/shop.kustom.ch\/fr\/wp-json\/wp\/v2\/product_cat?post=104677"},{"taxonomy":"product_tag","embeddable":true,"href":"https:\/\/shop.kustom.ch\/fr\/wp-json\/wp\/v2\/product_tag?post=104677"}],"curies":[{"name":"wp","href":"https:\/\/api.w.org\/{rel}","templated":true}]}}