{"id":104669,"date":"2024-03-20T18:04:11","date_gmt":"2024-03-20T17:04:11","guid":{"rendered":"https:\/\/kustomshop.kinsta.cloud\/produkt\/pro-bike-subz-lumen-ls-jersey-m\/"},"modified":"2026-03-27T14:43:34","modified_gmt":"2026-03-27T13:43:34","slug":"pro-bike-subz-lumen-ls-jersey-m","status":"publish","type":"product","link":"https:\/\/shop.kustom.ch\/fr\/produit\/pro-bike-subz-lumen-ls-jersey-m\/","title":{"rendered":"Pro Bike SubZ Lumen LS Jersey M"},"content":{"rendered":"<p>Maillot de cyclisme pour professionnels avec impression r\u00e9fl\u00e9chissante sur tout le pourtour, en mati\u00e8re stretch hautement fonctionnelle pour des performances maximales.<br \/>\n- Impression r\u00e9fl\u00e9chissante sur tout le pourtour<br \/>\n- Int\u00e9rieur gratt\u00e9 pour plus de chaleur<br \/>\n- Quatre poches dans le dos (dont une zipp\u00e9e)<br \/>\n- Cordon et stoppeur visibles \u00e0 l'ext\u00e9rieur de la poche centrale<br \/>\n- bande en silicone \u00e0 l'arri\u00e8re, \u00e0 la taille, pour un maintien antid\u00e9rapant<br \/>\n- fermeture \u00e9clair YKK<\/p>\n<p>Mati\u00e8re : polyester 92%, \u00e9lasthanne 8%<\/p>","protected":false},"excerpt":{"rendered":"<p><span><\/span><\/p>","protected":false},"featured_media":104668,"template":"","meta":[],"product_brand":[],"product_cat":[4201],"product_tag":[],"class_list":{"0":"post-104669","1":"product","2":"type-product","3":"status-publish","4":"has-post-thumbnail","6":"product_cat-t-shirts","7":"pa_brand-craft-retail-sportswear","8":"pa_brand-type-sportswear","9":"pa_filter-color-rot","11":"first","12":"outofstock","13":"sale","14":"taxable","15":"shipping-taxable","16":"purchasable","17":"product-type-variable","18":"add-to-wishlist-before_image"},"exclude_global_add_ons":[],"addons":[],"acf":[],"_links":{"self":[{"href":"https:\/\/shop.kustom.ch\/fr\/wp-json\/wp\/v2\/product\/104669"}],"collection":[{"href":"https:\/\/shop.kustom.ch\/fr\/wp-json\/wp\/v2\/product"}],"about":[{"href":"https:\/\/shop.kustom.ch\/fr\/wp-json\/wp\/v2\/types\/product"}],"wp:featuredmedia":[{"embeddable":true,"href":"https:\/\/shop.kustom.ch\/fr\/wp-json\/wp\/v2\/media\/104668"}],"wp:attachment":[{"href":"https:\/\/shop.kustom.ch\/fr\/wp-json\/wp\/v2\/media?parent=104669"}],"wp:term":[{"taxonomy":"product_brand","embeddable":true,"href":"https:\/\/shop.kustom.ch\/fr\/wp-json\/wp\/v2\/product_brand?post=104669"},{"taxonomy":"product_cat","embeddable":true,"href":"https:\/\/shop.kustom.ch\/fr\/wp-json\/wp\/v2\/product_cat?post=104669"},{"taxonomy":"product_tag","embeddable":true,"href":"https:\/\/shop.kustom.ch\/fr\/wp-json\/wp\/v2\/product_tag?post=104669"}],"curies":[{"name":"wp","href":"https:\/\/api.w.org\/{rel}","templated":true}]}}