{"id":104661,"date":"2024-03-20T18:04:07","date_gmt":"2024-03-20T17:04:07","guid":{"rendered":"https:\/\/kustomshop.kinsta.cloud\/produkt\/adv-bike-offroad-subz-pants-m\/"},"modified":"2026-03-27T14:57:54","modified_gmt":"2026-03-27T13:57:54","slug":"adv-bike-offroad-subz-pants-m","status":"publish","type":"product","link":"https:\/\/shop.kustom.ch\/fr\/produit\/adv-bike-offroad-subz-pants-m\/","title":{"rendered":"Adv Bike Offroad SubZ Pants M"},"content":{"rendered":"<p>Pantalon coupe-vent et d\u00e9perlant pour le cyclisme avec int\u00e9rieur gratt\u00e9 pour une protection \u00e9lev\u00e9e, de la chaleur et une sensation agr\u00e9able. Mati\u00e8re de l'assise r\u00e9sistante.<br \/>\n- Mat\u00e9riau r\u00e9sistant au vent et \u00e0 l'eau avec une excellente ventilation et libert\u00e9 de mouvement<br \/>\n- Int\u00e9rieur gratt\u00e9 pour plus de chaleur et de confort<br \/>\n- Mat\u00e9riau d'assise r\u00e9sistant<br \/>\n- Une poche \u00e0 l'avant avec fermeture \u00e9clair \u00e9tanche<br \/>\n- \u00c9l\u00e9ments r\u00e9fl\u00e9chissants<br \/>\n- 10 000 WP\/8 000 MVP<\/p>\n<p>Mat\u00e9riau : Front Body : Face 96% polyester 4% \u00e9lasthanne Middle 100% polyur\u00e9thane Back 100% polyester, Upper Back body : Face 96% polyester 4% \u00e9lasthanne Middle 100% polyur\u00e9thane Back 100% polyester, Lower back body : Face : 100% polyester, Mid : 100% polyur\u00e9thane, Back : 100% polyester<\/p>","protected":false},"excerpt":{"rendered":"<p><span><\/span><\/p>","protected":false},"featured_media":104660,"template":"","meta":[],"product_brand":[],"product_cat":[4185],"product_tag":[],"class_list":{"0":"post-104661","1":"product","2":"type-product","3":"status-publish","4":"has-post-thumbnail","6":"product_cat-hosen","7":"pa_brand-craft-retail-sportswear","8":"pa_brand-type-sportswear","9":"pa_filter-color-schwarz","11":"first","12":"instock","13":"sale","14":"taxable","15":"shipping-taxable","16":"purchasable","17":"product-type-variable","18":"add-to-wishlist-before_image"},"exclude_global_add_ons":[],"addons":[],"acf":[],"_links":{"self":[{"href":"https:\/\/shop.kustom.ch\/fr\/wp-json\/wp\/v2\/product\/104661"}],"collection":[{"href":"https:\/\/shop.kustom.ch\/fr\/wp-json\/wp\/v2\/product"}],"about":[{"href":"https:\/\/shop.kustom.ch\/fr\/wp-json\/wp\/v2\/types\/product"}],"wp:featuredmedia":[{"embeddable":true,"href":"https:\/\/shop.kustom.ch\/fr\/wp-json\/wp\/v2\/media\/104660"}],"wp:attachment":[{"href":"https:\/\/shop.kustom.ch\/fr\/wp-json\/wp\/v2\/media?parent=104661"}],"wp:term":[{"taxonomy":"product_brand","embeddable":true,"href":"https:\/\/shop.kustom.ch\/fr\/wp-json\/wp\/v2\/product_brand?post=104661"},{"taxonomy":"product_cat","embeddable":true,"href":"https:\/\/shop.kustom.ch\/fr\/wp-json\/wp\/v2\/product_cat?post=104661"},{"taxonomy":"product_tag","embeddable":true,"href":"https:\/\/shop.kustom.ch\/fr\/wp-json\/wp\/v2\/product_tag?post=104661"}],"curies":[{"name":"wp","href":"https:\/\/api.w.org\/{rel}","templated":true}]}}