{"id":104653,"date":"2024-03-20T18:04:01","date_gmt":"2024-03-20T17:04:01","guid":{"rendered":"https:\/\/kustomshop.kinsta.cloud\/produkt\/adv-bike-subz-jacket-m\/"},"modified":"2026-03-27T14:08:27","modified_gmt":"2026-03-27T13:08:27","slug":"adv-bike-subz-jacket-m","status":"publish","type":"product","link":"https:\/\/shop.kustom.ch\/fr\/produit\/adv-bike-subz-jacket-m\/","title":{"rendered":"Veste Adv Bike SubZ M"},"content":{"rendered":"<p>Veste coupe-vent et d\u00e9perlante pour le cyclisme avanc\u00e9, avec dos thermique gratt\u00e9 et excellente ventilation, qui offre une haute protection et de la chaleur par tous les temps.<br \/>\n- Tissu coupe-vent et imperm\u00e9able \u00e0 l'avant avec une excellente ventilation et libert\u00e9 de mouvement<br \/>\n- Mati\u00e8re thermique gratt\u00e9e \u00e0 l'arri\u00e8re pour une meilleure ventilation, un transfert d'humidit\u00e9 optimal et un confort accru<br \/>\n- Quatre poches \u00e0 l'arri\u00e8re (dont une zipp\u00e9e)<br \/>\n- \u00c9l\u00e9ments r\u00e9fl\u00e9chissants<br \/>\n- Int\u00e9rieur du col gratt\u00e9<br \/>\n- Poignets \u00e9lastiques pour un ajustement optimal lors du port de gants<br \/>\n- 10 000 WP\/8 000 MVP<\/p>\n<p>Mat\u00e9riau : Front body : Face 90% polyester 10% \u00e9lasthanne, Middle 100% polyur\u00e9thane Back 79% polyester 21% \u00e9lasthanne, Back Body : 88% polyester - recycl\u00e9, 12% \u00e9lasthanne<\/p>","protected":false},"excerpt":{"rendered":"<p><span><\/span><\/p>","protected":false},"featured_media":104652,"template":"","meta":[],"product_brand":[],"product_cat":[4186],"product_tag":[],"class_list":{"0":"post-104653","1":"product","2":"type-product","3":"status-publish","4":"has-post-thumbnail","6":"product_cat-jacken","7":"pa_brand-craft-retail-sportswear","8":"pa_brand-type-sportswear","9":"pa_filter-color-blau","11":"first","12":"instock","13":"sale","14":"taxable","15":"shipping-taxable","16":"purchasable","17":"product-type-variable","18":"add-to-wishlist-before_image"},"exclude_global_add_ons":[],"addons":[],"acf":[],"_links":{"self":[{"href":"https:\/\/shop.kustom.ch\/fr\/wp-json\/wp\/v2\/product\/104653"}],"collection":[{"href":"https:\/\/shop.kustom.ch\/fr\/wp-json\/wp\/v2\/product"}],"about":[{"href":"https:\/\/shop.kustom.ch\/fr\/wp-json\/wp\/v2\/types\/product"}],"wp:featuredmedia":[{"embeddable":true,"href":"https:\/\/shop.kustom.ch\/fr\/wp-json\/wp\/v2\/media\/104652"}],"wp:attachment":[{"href":"https:\/\/shop.kustom.ch\/fr\/wp-json\/wp\/v2\/media?parent=104653"}],"wp:term":[{"taxonomy":"product_brand","embeddable":true,"href":"https:\/\/shop.kustom.ch\/fr\/wp-json\/wp\/v2\/product_brand?post=104653"},{"taxonomy":"product_cat","embeddable":true,"href":"https:\/\/shop.kustom.ch\/fr\/wp-json\/wp\/v2\/product_cat?post=104653"},{"taxonomy":"product_tag","embeddable":true,"href":"https:\/\/shop.kustom.ch\/fr\/wp-json\/wp\/v2\/product_tag?post=104653"}],"curies":[{"name":"wp","href":"https:\/\/api.w.org\/{rel}","templated":true}]}}