{"id":104631,"date":"2024-03-20T18:03:54","date_gmt":"2024-03-20T17:03:54","guid":{"rendered":"https:\/\/kustomshop.kinsta.cloud\/produkt\/adv-bike-hydro-lumen-jacket-m\/"},"modified":"2026-03-27T14:14:30","modified_gmt":"2026-03-27T13:14:30","slug":"adv-bike-hydro-lumen-jacket-m","status":"publish","type":"product","link":"https:\/\/shop.kustom.ch\/fr\/produit\/adv-bike-hydro-lumen-jacket-m\/","title":{"rendered":"Veste Adv Bike Hydro Lumen M"},"content":{"rendered":"<p>Veste coupe-vent l\u00e9g\u00e8re et imperm\u00e9able pour le cyclisme avanc\u00e9 avec des coutures soud\u00e9es, une grande extensibilit\u00e9 et des ouvertures d'a\u00e9ration sous les aisselles et dans le dos. Fermeture \u00e9clair \u00e9tanche sur le devant.<br \/>\n- Veste coupe-vent imperm\u00e9able avec une excellente ventilation et une libert\u00e9 de mouvement illimit\u00e9e<br \/>\n- Mat\u00e9riau r\u00e9sistant au vent et \u00e0 l'eau 10 000 WP \/ 10 000 MVP<br \/>\n- Mat\u00e9riau \u00e9lastique pour un ajustement optimal<br \/>\n- Enti\u00e8rement scell\u00e9<br \/>\n- la veste peut \u00eatre rang\u00e9e dans sa propre poche arri\u00e8re en jersey avec fermeture \u00e9clair<br \/>\n- fermeture \u00e9clair \u00e9tanche \u00e0 l'avant<br \/>\n- Ouvertures d'a\u00e9ration superpos\u00e9es sous les aisselles et dans le dos<br \/>\n- \u00c9l\u00e9ments r\u00e9fl\u00e9chissants<\/p>\n<p>Mat\u00e9riau : Corps : Face:100% polyester, dos : 100% polyur\u00e9thane, doublure upper back body : 95% polyester - recycl\u00e9, 5% \u00e9lasthanne<\/p>","protected":false},"excerpt":{"rendered":"<p><span><\/span><\/p>","protected":false},"featured_media":104630,"template":"","meta":[],"product_brand":[],"product_cat":[4186],"product_tag":[],"class_list":{"0":"post-104631","1":"product","2":"type-product","3":"status-publish","4":"has-post-thumbnail","6":"product_cat-jacken","7":"pa_brand-craft-retail-sportswear","8":"pa_brand-type-sportswear","9":"pa_filter-color-gelb","10":"pa_filter-color-rot","11":"pa_filter-color-schwarz","12":"pa_filter-color-weiss","14":"first","15":"instock","16":"sale","17":"taxable","18":"shipping-taxable","19":"purchasable","20":"product-type-variable","21":"add-to-wishlist-before_image"},"exclude_global_add_ons":[],"addons":[],"acf":[],"_links":{"self":[{"href":"https:\/\/shop.kustom.ch\/fr\/wp-json\/wp\/v2\/product\/104631"}],"collection":[{"href":"https:\/\/shop.kustom.ch\/fr\/wp-json\/wp\/v2\/product"}],"about":[{"href":"https:\/\/shop.kustom.ch\/fr\/wp-json\/wp\/v2\/types\/product"}],"wp:featuredmedia":[{"embeddable":true,"href":"https:\/\/shop.kustom.ch\/fr\/wp-json\/wp\/v2\/media\/104630"}],"wp:attachment":[{"href":"https:\/\/shop.kustom.ch\/fr\/wp-json\/wp\/v2\/media?parent=104631"}],"wp:term":[{"taxonomy":"product_brand","embeddable":true,"href":"https:\/\/shop.kustom.ch\/fr\/wp-json\/wp\/v2\/product_brand?post=104631"},{"taxonomy":"product_cat","embeddable":true,"href":"https:\/\/shop.kustom.ch\/fr\/wp-json\/wp\/v2\/product_cat?post=104631"},{"taxonomy":"product_tag","embeddable":true,"href":"https:\/\/shop.kustom.ch\/fr\/wp-json\/wp\/v2\/product_tag?post=104631"}],"curies":[{"name":"wp","href":"https:\/\/api.w.org\/{rel}","templated":true}]}}