{"id":104623,"date":"2024-03-20T18:03:50","date_gmt":"2024-03-20T17:03:50","guid":{"rendered":"https:\/\/kustomshop.kinsta.cloud\/produkt\/adv-bike-hydro-lumen-jersey-m\/"},"modified":"2026-03-27T14:55:06","modified_gmt":"2026-03-27T13:55:06","slug":"adv-bike-hydro-lumen-jersey-m","status":"publish","type":"product","link":"https:\/\/shop.kustom.ch\/fr\/produit\/adv-bike-hydro-lumen-jersey-m\/","title":{"rendered":"Adv Bike Hydro Lumen Jersey M"},"content":{"rendered":"<p>Maillot coupe-vent et imperm\u00e9able pour le cyclisme avec une coupe ajust\u00e9e \u00e0 porter par-dessus un maillot de cyclisme classique par temps froid, humide et venteux.<br \/>\n- Mati\u00e8re 3 couches r\u00e9sistante au vent et \u00e0 l'eau 15 000 WP et 10 000 MVP<br \/>\n- Finitions des manches au niveau des coudes pour une protection optimale par tous les temps et une grande libert\u00e9 de mouvement<br \/>\n- Coupe ajust\u00e9e et mati\u00e8re stretch<br \/>\n- Quatre poches dans le dos, dont une zipp\u00e9e<br \/>\n- Col haut avec int\u00e9rieur doux et gratt\u00e9 pour un confort optimal<br \/>\n- \u00c9l\u00e9ments r\u00e9fl\u00e9chissants et impressions<br \/>\n- Bande \u00e9lastique en silicone dans le dos pour un maintien antid\u00e9rapant<\/p>\n<p>Mat\u00e9riau : Face : 100 % polyester, Mid : 100% polyur\u00e9thane, Back : 100 % polyester<\/p>","protected":false},"excerpt":{"rendered":"<p><span><\/span><\/p>","protected":false},"featured_media":104622,"template":"","meta":[],"product_brand":[],"product_cat":[4201],"product_tag":[],"class_list":{"0":"post-104623","1":"product","2":"type-product","3":"status-publish","4":"has-post-thumbnail","6":"product_cat-t-shirts","7":"pa_brand-craft-retail-sportswear","8":"pa_brand-type-sportswear","9":"pa_filter-color-schwarz","11":"first","12":"instock","13":"sale","14":"taxable","15":"shipping-taxable","16":"purchasable","17":"product-type-variable","18":"add-to-wishlist-before_image"},"exclude_global_add_ons":[],"addons":[],"acf":[],"_links":{"self":[{"href":"https:\/\/shop.kustom.ch\/fr\/wp-json\/wp\/v2\/product\/104623"}],"collection":[{"href":"https:\/\/shop.kustom.ch\/fr\/wp-json\/wp\/v2\/product"}],"about":[{"href":"https:\/\/shop.kustom.ch\/fr\/wp-json\/wp\/v2\/types\/product"}],"wp:featuredmedia":[{"embeddable":true,"href":"https:\/\/shop.kustom.ch\/fr\/wp-json\/wp\/v2\/media\/104622"}],"wp:attachment":[{"href":"https:\/\/shop.kustom.ch\/fr\/wp-json\/wp\/v2\/media?parent=104623"}],"wp:term":[{"taxonomy":"product_brand","embeddable":true,"href":"https:\/\/shop.kustom.ch\/fr\/wp-json\/wp\/v2\/product_brand?post=104623"},{"taxonomy":"product_cat","embeddable":true,"href":"https:\/\/shop.kustom.ch\/fr\/wp-json\/wp\/v2\/product_cat?post=104623"},{"taxonomy":"product_tag","embeddable":true,"href":"https:\/\/shop.kustom.ch\/fr\/wp-json\/wp\/v2\/product_tag?post=104623"}],"curies":[{"name":"wp","href":"https:\/\/api.w.org\/{rel}","templated":true}]}}