{"id":104615,"date":"2024-03-20T18:03:45","date_gmt":"2024-03-20T17:03:45","guid":{"rendered":"https:\/\/kustomshop.kinsta.cloud\/produkt\/adv-bike-subz-lumen-bib-tights-m\/"},"modified":"2026-03-27T14:45:06","modified_gmt":"2026-03-27T13:45:06","slug":"adv-bike-subz-lumen-bib-tights-m","status":"publish","type":"product","link":"https:\/\/shop.kustom.ch\/fr\/produit\/adv-bike-subz-lumen-bib-tights-m\/","title":{"rendered":"Cuissard Adv Bike SubZ Lumen M"},"content":{"rendered":"<p>Collant \u00e0 bretelles pour cyclistes avanc\u00e9s avec int\u00e9rieur gratt\u00e9 pour une protection et une chaleur \u00e9lev\u00e9es par tous les temps et une sensation agr\u00e9able lors de la pratique du v\u00e9lo par temps froid. Pad C2.<br \/>\n- \u00c9l\u00e9ments r\u00e9fl\u00e9chissants et impressions<br \/>\n- fermeture \u00e9clair au bas des jambes<br \/>\n- syst\u00e8me de bretelles en mesh pour une meilleure ventilation<br \/>\n- C2 Pad Men<\/p>\n<p>Composition : Corps 88% polyester - recycl\u00e9, 12% \u00e9lasthanne, Bretelles 95% polyester - recycl\u00e9, 5% \u00e9lasthanne<\/p>","protected":false},"excerpt":{"rendered":"<p><span><\/span><\/p>","protected":false},"featured_media":104614,"template":"","meta":[],"product_brand":[],"product_cat":[4190],"product_tag":[],"class_list":{"0":"post-104615","1":"product","2":"type-product","3":"status-publish","4":"has-post-thumbnail","6":"product_cat-leggings","7":"pa_brand-craft-retail-sportswear","8":"pa_brand-type-sportswear","9":"pa_filter-color-schwarz","11":"first","12":"outofstock","13":"sale","14":"taxable","15":"shipping-taxable","16":"purchasable","17":"product-type-variable","18":"add-to-wishlist-before_image"},"exclude_global_add_ons":[],"addons":[],"acf":[],"_links":{"self":[{"href":"https:\/\/shop.kustom.ch\/fr\/wp-json\/wp\/v2\/product\/104615"}],"collection":[{"href":"https:\/\/shop.kustom.ch\/fr\/wp-json\/wp\/v2\/product"}],"about":[{"href":"https:\/\/shop.kustom.ch\/fr\/wp-json\/wp\/v2\/types\/product"}],"wp:featuredmedia":[{"embeddable":true,"href":"https:\/\/shop.kustom.ch\/fr\/wp-json\/wp\/v2\/media\/104614"}],"wp:attachment":[{"href":"https:\/\/shop.kustom.ch\/fr\/wp-json\/wp\/v2\/media?parent=104615"}],"wp:term":[{"taxonomy":"product_brand","embeddable":true,"href":"https:\/\/shop.kustom.ch\/fr\/wp-json\/wp\/v2\/product_brand?post=104615"},{"taxonomy":"product_cat","embeddable":true,"href":"https:\/\/shop.kustom.ch\/fr\/wp-json\/wp\/v2\/product_cat?post=104615"},{"taxonomy":"product_tag","embeddable":true,"href":"https:\/\/shop.kustom.ch\/fr\/wp-json\/wp\/v2\/product_tag?post=104615"}],"curies":[{"name":"wp","href":"https:\/\/api.w.org\/{rel}","templated":true}]}}