{"id":104585,"date":"2024-03-20T18:03:34","date_gmt":"2024-03-20T17:03:34","guid":{"rendered":"https:\/\/kustomshop.kinsta.cloud\/produkt\/adv-bike-offroad-hydro-pants-m\/"},"modified":"2026-03-27T14:56:36","modified_gmt":"2026-03-27T13:56:36","slug":"adv-bike-offroad-hydro-pants-m","status":"publish","type":"product","link":"https:\/\/shop.kustom.ch\/fr\/produit\/adv-bike-offroad-hydro-pants-m\/","title":{"rendered":"Adv Bike Offroad Hydro Pants M"},"content":{"rendered":"<p>Pantalon coupe-vent et imperm\u00e9able pour le cyclisme tout-terrain avanc\u00e9 avec des coutures soud\u00e9es pour une haute protection par temps froid, humide et venteux.<br \/>\n- Mati\u00e8re 3 couches r\u00e9sistante au vent et \u00e0 l'eau, 10 000 WP et 10 000 MVP<br \/>\n- Toutes les coutures sont soud\u00e9es<br \/>\n- Fermeture velcro r\u00e9glable \u00e0 la taille et au bas des jambes<br \/>\n- Assise renforc\u00e9e pour une meilleure r\u00e9sistance \u00e0 l'usure<br \/>\n- poche sur le devant avec fermeture \u00e9clair \u00e9tanche<br \/>\n- \u00c9l\u00e9ments r\u00e9fl\u00e9chissants<\/p>\n<p>Mat\u00e9riaux : Face 100% polyester, Middle 100% polyur\u00e9thane, Back 100% polyester<\/p>","protected":false},"excerpt":{"rendered":"<p><span><\/span><\/p>","protected":false},"featured_media":104584,"template":"","meta":[],"product_brand":[],"product_cat":[4185],"product_tag":[],"class_list":{"0":"post-104585","1":"product","2":"type-product","3":"status-publish","4":"has-post-thumbnail","6":"product_cat-hosen","7":"pa_brand-craft-retail-sportswear","8":"pa_brand-type-sportswear","9":"pa_filter-color-schwarz","11":"first","12":"instock","13":"sale","14":"taxable","15":"shipping-taxable","16":"purchasable","17":"product-type-variable","18":"add-to-wishlist-before_image"},"exclude_global_add_ons":[],"addons":[],"acf":[],"_links":{"self":[{"href":"https:\/\/shop.kustom.ch\/fr\/wp-json\/wp\/v2\/product\/104585"}],"collection":[{"href":"https:\/\/shop.kustom.ch\/fr\/wp-json\/wp\/v2\/product"}],"about":[{"href":"https:\/\/shop.kustom.ch\/fr\/wp-json\/wp\/v2\/types\/product"}],"wp:featuredmedia":[{"embeddable":true,"href":"https:\/\/shop.kustom.ch\/fr\/wp-json\/wp\/v2\/media\/104584"}],"wp:attachment":[{"href":"https:\/\/shop.kustom.ch\/fr\/wp-json\/wp\/v2\/media?parent=104585"}],"wp:term":[{"taxonomy":"product_brand","embeddable":true,"href":"https:\/\/shop.kustom.ch\/fr\/wp-json\/wp\/v2\/product_brand?post=104585"},{"taxonomy":"product_cat","embeddable":true,"href":"https:\/\/shop.kustom.ch\/fr\/wp-json\/wp\/v2\/product_cat?post=104585"},{"taxonomy":"product_tag","embeddable":true,"href":"https:\/\/shop.kustom.ch\/fr\/wp-json\/wp\/v2\/product_tag?post=104585"}],"curies":[{"name":"wp","href":"https:\/\/api.w.org\/{rel}","templated":true}]}}