{"id":104536,"date":"2024-03-20T18:03:16","date_gmt":"2024-03-20T17:03:16","guid":{"rendered":"https:\/\/kustomshop.kinsta.cloud\/produkt\/core-bike-subz-bib-tights-m\/"},"modified":"2026-03-27T14:50:34","modified_gmt":"2026-03-27T13:50:34","slug":"core-bike-subz-bib-tights-m","status":"publish","type":"product","link":"https:\/\/shop.kustom.ch\/fr\/produit\/core-bike-subz-bib-tights-m\/","title":{"rendered":"Core Bike SubZ Cuissard M"},"content":{"rendered":"<p>Corsaire thermique \u00e0 bretelles avec coupe ergonomique, int\u00e9rieur gratt\u00e9 et imprim\u00e9s r\u00e9fl\u00e9chissants. Pad C3.<br \/>\n- Int\u00e9rieur gratt\u00e9 pour plus de chaleur et de confort<br \/>\n- Coupe ergonomique<br \/>\n- Impression r\u00e9fl\u00e9chissante<br \/>\n- Mat\u00e9riau \u00e9lastique pour une libert\u00e9 de mouvement illimit\u00e9e<br \/>\n- Syst\u00e8me de support ergonomique<\/p>\n<p>Composition : Front Body : 88% polyester - recycl\u00e9 12% \u00e9lasthanne, Back Body : 88% polyester - recycl\u00e9 12% \u00e9lasthanne, Shoulder straps : 90% polyester 10% \u00e9lasthanne<\/p>","protected":false},"excerpt":{"rendered":"<p><span><\/span><\/p>","protected":false},"featured_media":104535,"template":"","meta":[],"product_brand":[],"product_cat":[4190],"product_tag":[],"class_list":{"0":"post-104536","1":"product","2":"type-product","3":"status-publish","4":"has-post-thumbnail","6":"product_cat-leggings","7":"pa_brand-craft-retail-sportswear","8":"pa_brand-type-sportswear","9":"pa_filter-color-schwarz","11":"first","12":"instock","13":"sale","14":"taxable","15":"shipping-taxable","16":"purchasable","17":"product-type-variable","18":"add-to-wishlist-before_image"},"exclude_global_add_ons":[],"addons":[],"acf":[],"_links":{"self":[{"href":"https:\/\/shop.kustom.ch\/fr\/wp-json\/wp\/v2\/product\/104536"}],"collection":[{"href":"https:\/\/shop.kustom.ch\/fr\/wp-json\/wp\/v2\/product"}],"about":[{"href":"https:\/\/shop.kustom.ch\/fr\/wp-json\/wp\/v2\/types\/product"}],"wp:featuredmedia":[{"embeddable":true,"href":"https:\/\/shop.kustom.ch\/fr\/wp-json\/wp\/v2\/media\/104535"}],"wp:attachment":[{"href":"https:\/\/shop.kustom.ch\/fr\/wp-json\/wp\/v2\/media?parent=104536"}],"wp:term":[{"taxonomy":"product_brand","embeddable":true,"href":"https:\/\/shop.kustom.ch\/fr\/wp-json\/wp\/v2\/product_brand?post=104536"},{"taxonomy":"product_cat","embeddable":true,"href":"https:\/\/shop.kustom.ch\/fr\/wp-json\/wp\/v2\/product_cat?post=104536"},{"taxonomy":"product_tag","embeddable":true,"href":"https:\/\/shop.kustom.ch\/fr\/wp-json\/wp\/v2\/product_tag?post=104536"}],"curies":[{"name":"wp","href":"https:\/\/api.w.org\/{rel}","templated":true}]}}