{"id":104496,"date":"2024-03-20T18:02:52","date_gmt":"2024-03-20T17:02:52","guid":{"rendered":"https:\/\/kustomshop.kinsta.cloud\/produkt\/core-bike-subz-ls-jersey-m\/"},"modified":"2026-03-27T14:50:32","modified_gmt":"2026-03-27T13:50:32","slug":"core-bike-subz-ls-jersey-m","status":"publish","type":"product","link":"https:\/\/shop.kustom.ch\/fr\/produit\/core-bike-subz-ls-jersey-m\/","title":{"rendered":"Core Bike SubZ LS Jersey M"},"content":{"rendered":"<p>Jersey chaud et doux pour le cyclisme avec int\u00e9rieur gratt\u00e9, coupe ergonomique et fermeture \u00e9clair sur toute la longueur \u00e0 l'avant. Quatre poches \u00e0 l'arri\u00e8re (dont une zipp\u00e9e) et bande \u00e9lastique en silicone dans le dos.<br \/>\n- Polyester \u00e9lastique avec int\u00e9rieur gratt\u00e9 et ray\u00e9 pour plus de chaleur<br \/>\n- Quatre poches \u00e0 l'arri\u00e8re (dont une zipp\u00e9e)<br \/>\n- \u00c9l\u00e9ments r\u00e9fl\u00e9chissants<br \/>\n- Poignets \u00e9lastiques<br \/>\n- Coupe ergonomique<br \/>\n- Bande \u00e9lastique en silicone dans le dos pour un maintien antid\u00e9rapant<\/p>\n<p>Mati\u00e8re : 92% polyester, 8% \u00e9lasthanne<\/p>","protected":false},"excerpt":{"rendered":"<p><span><\/span><\/p>","protected":false},"featured_media":104495,"template":"","meta":[],"product_brand":[],"product_cat":[4201],"product_tag":[],"class_list":{"0":"post-104496","1":"product","2":"type-product","3":"status-publish","4":"has-post-thumbnail","6":"product_cat-t-shirts","7":"pa_brand-craft-retail-sportswear","8":"pa_brand-type-sportswear","9":"pa_filter-color-blau","11":"first","12":"instock","13":"sale","14":"taxable","15":"shipping-taxable","16":"purchasable","17":"product-type-variable","18":"add-to-wishlist-before_image"},"exclude_global_add_ons":[],"addons":[],"acf":[],"_links":{"self":[{"href":"https:\/\/shop.kustom.ch\/fr\/wp-json\/wp\/v2\/product\/104496"}],"collection":[{"href":"https:\/\/shop.kustom.ch\/fr\/wp-json\/wp\/v2\/product"}],"about":[{"href":"https:\/\/shop.kustom.ch\/fr\/wp-json\/wp\/v2\/types\/product"}],"wp:featuredmedia":[{"embeddable":true,"href":"https:\/\/shop.kustom.ch\/fr\/wp-json\/wp\/v2\/media\/104495"}],"wp:attachment":[{"href":"https:\/\/shop.kustom.ch\/fr\/wp-json\/wp\/v2\/media?parent=104496"}],"wp:term":[{"taxonomy":"product_brand","embeddable":true,"href":"https:\/\/shop.kustom.ch\/fr\/wp-json\/wp\/v2\/product_brand?post=104496"},{"taxonomy":"product_cat","embeddable":true,"href":"https:\/\/shop.kustom.ch\/fr\/wp-json\/wp\/v2\/product_cat?post=104496"},{"taxonomy":"product_tag","embeddable":true,"href":"https:\/\/shop.kustom.ch\/fr\/wp-json\/wp\/v2\/product_tag?post=104496"}],"curies":[{"name":"wp","href":"https:\/\/api.w.org\/{rel}","templated":true}]}}