{"id":104486,"date":"2024-03-20T18:02:46","date_gmt":"2024-03-20T17:02:46","guid":{"rendered":"https:\/\/kustomshop.kinsta.cloud\/produkt\/core-bike-subz-jacket-m\/"},"modified":"2026-03-27T14:13:08","modified_gmt":"2026-03-27T13:13:08","slug":"core-bike-subz-jacket-m","status":"publish","type":"product","link":"https:\/\/shop.kustom.ch\/fr\/produit\/core-bike-subz-jacket-m\/","title":{"rendered":"Veste Core Bike SubZ M"},"content":{"rendered":"<p>Veste coupe-vent chaude et d\u00e9perlante pour le cyclisme avec int\u00e9rieur gratt\u00e9 pour plus de confort.<br \/>\n- Veste coupe-vent chaude et d\u00e9perlante pour faire du v\u00e9lo confortablement par temps froid<br \/>\n- Int\u00e9rieur gratt\u00e9 pour plus de chaleur et de confort<br \/>\n- Grande poche zipp\u00e9e \u00e0 l'arri\u00e8re<br \/>\n- Imprim\u00e9s et \u00e9l\u00e9ments r\u00e9fl\u00e9chissants<br \/>\n- Bande \u00e9lastique en silicone \u00e0 l'arri\u00e8re pour un maintien antid\u00e9rapant<br \/>\n- Mat\u00e9riau r\u00e9sistant au vent et \u00e0 l'eau 8 000 WP et 8 000 MVP<\/p>\n<p>Mati\u00e8re : Avant : 100% polyester recycl\u00e9 Milieu : 100% polyur\u00e9thane Arri\u00e8re : polyester recycl\u00e9<\/p>","protected":false},"excerpt":{"rendered":"<p><span><\/span><\/p>","protected":false},"featured_media":104485,"template":"","meta":[],"product_brand":[],"product_cat":[4186],"product_tag":[],"class_list":{"0":"post-104486","1":"product","2":"type-product","3":"status-publish","4":"has-post-thumbnail","6":"product_cat-jacken","7":"pa_brand-craft-retail-sportswear","8":"pa_brand-type-sportswear","9":"pa_filter-color-grau","10":"pa_filter-color-schwarz","12":"first","13":"instock","14":"sale","15":"taxable","16":"shipping-taxable","17":"purchasable","18":"product-type-variable","19":"add-to-wishlist-before_image"},"exclude_global_add_ons":[],"addons":[],"acf":[],"_links":{"self":[{"href":"https:\/\/shop.kustom.ch\/fr\/wp-json\/wp\/v2\/product\/104486"}],"collection":[{"href":"https:\/\/shop.kustom.ch\/fr\/wp-json\/wp\/v2\/product"}],"about":[{"href":"https:\/\/shop.kustom.ch\/fr\/wp-json\/wp\/v2\/types\/product"}],"wp:featuredmedia":[{"embeddable":true,"href":"https:\/\/shop.kustom.ch\/fr\/wp-json\/wp\/v2\/media\/104485"}],"wp:attachment":[{"href":"https:\/\/shop.kustom.ch\/fr\/wp-json\/wp\/v2\/media?parent=104486"}],"wp:term":[{"taxonomy":"product_brand","embeddable":true,"href":"https:\/\/shop.kustom.ch\/fr\/wp-json\/wp\/v2\/product_brand?post=104486"},{"taxonomy":"product_cat","embeddable":true,"href":"https:\/\/shop.kustom.ch\/fr\/wp-json\/wp\/v2\/product_cat?post=104486"},{"taxonomy":"product_tag","embeddable":true,"href":"https:\/\/shop.kustom.ch\/fr\/wp-json\/wp\/v2\/product_tag?post=104486"}],"curies":[{"name":"wp","href":"https:\/\/api.w.org\/{rel}","templated":true}]}}