{"id":104443,"date":"2024-03-20T18:02:33","date_gmt":"2024-03-20T17:02:33","guid":{"rendered":"https:\/\/kustomshop.kinsta.cloud\/produkt\/core-dry-active-comfort-ls-w\/"},"modified":"2026-03-27T14:28:27","modified_gmt":"2026-03-27T13:28:27","slug":"core-dry-active-comfort-ls-w","status":"publish","type":"product","link":"https:\/\/shop.kustom.ch\/fr\/produit\/core-dry-active-comfort-ls-w\/","title":{"rendered":"CORE Dry Active Comfort LS W"},"content":{"rendered":"<p>Jersey \u00e0 manches longues doux et fonctionnel avec une coupe ajust\u00e9e, peu de coutures et des zones climatiques sp\u00e9ciales pour une thermor\u00e9gulation \u00e9lev\u00e9e. Mati\u00e8re recycl\u00e9e.<br \/>\n- Coupe normale<br \/>\n- Finition sans couture pour une libert\u00e9 de mouvement optimale<br \/>\n- les coutures plates s'adaptent aux mouvements du corps<\/p>\n<p>Mati\u00e8re : 40% polyester 30% polyamide recycl\u00e9 30% polyamide<\/p>","protected":false},"excerpt":{"rendered":"<p><span><\/span><\/p>","protected":false},"featured_media":104442,"template":"","meta":[],"product_brand":[],"product_cat":[4201],"product_tag":[],"class_list":{"0":"post-104443","1":"product","2":"type-product","3":"status-publish","4":"has-post-thumbnail","6":"product_cat-t-shirts","7":"pa_brand-craft-retail-sportswear","8":"pa_brand-type-sportswear","9":"pa_filter-color-beige","10":"pa_filter-color-blau","11":"pa_filter-color-gruen","12":"pa_filter-color-orange","13":"pa_filter-color-pink","14":"pa_filter-color-schwarz","15":"pa_filter-color-violet","17":"first","18":"instock","19":"sale","20":"taxable","21":"shipping-taxable","22":"purchasable","23":"product-type-variable","24":"add-to-wishlist-before_image"},"exclude_global_add_ons":[],"addons":[],"acf":[],"_links":{"self":[{"href":"https:\/\/shop.kustom.ch\/fr\/wp-json\/wp\/v2\/product\/104443"}],"collection":[{"href":"https:\/\/shop.kustom.ch\/fr\/wp-json\/wp\/v2\/product"}],"about":[{"href":"https:\/\/shop.kustom.ch\/fr\/wp-json\/wp\/v2\/types\/product"}],"wp:featuredmedia":[{"embeddable":true,"href":"https:\/\/shop.kustom.ch\/fr\/wp-json\/wp\/v2\/media\/104442"}],"wp:attachment":[{"href":"https:\/\/shop.kustom.ch\/fr\/wp-json\/wp\/v2\/media?parent=104443"}],"wp:term":[{"taxonomy":"product_brand","embeddable":true,"href":"https:\/\/shop.kustom.ch\/fr\/wp-json\/wp\/v2\/product_brand?post=104443"},{"taxonomy":"product_cat","embeddable":true,"href":"https:\/\/shop.kustom.ch\/fr\/wp-json\/wp\/v2\/product_cat?post=104443"},{"taxonomy":"product_tag","embeddable":true,"href":"https:\/\/shop.kustom.ch\/fr\/wp-json\/wp\/v2\/product_tag?post=104443"}],"curies":[{"name":"wp","href":"https:\/\/api.w.org\/{rel}","templated":true}]}}