{"id":104379,"date":"2024-03-20T18:02:06","date_gmt":"2024-03-20T17:02:06","guid":{"rendered":"https:\/\/kustomshop.kinsta.cloud\/produkt\/core-dry-active-comfort-pant-w\/"},"modified":"2026-03-27T14:29:44","modified_gmt":"2026-03-27T13:29:44","slug":"core-dry-active-comfort-pant-w","status":"publish","type":"product","link":"https:\/\/shop.kustom.ch\/fr\/produit\/core-dry-active-comfort-pant-w\/","title":{"rendered":"CORE Dry Active Confort Pant W"},"content":{"rendered":"<p>Pantalon Baselayer long, doux et fonctionnel, avec une coupe ajust\u00e9e, peu de coutures et des zones climatiques sp\u00e9ciales pour une thermor\u00e9gulation \u00e9lev\u00e9e. Mati\u00e8re recycl\u00e9e.<br \/>\n- Coupe normale<br \/>\n- Finition sans couture pour une libert\u00e9 de mouvement optimale<br \/>\n- les coutures plates s'adaptent aux mouvements du corps<\/p>\n<p>Mati\u00e8re : 40% polyester 30% polyamide recycl\u00e9 30% polyamide<\/p>","protected":false},"excerpt":{"rendered":"<p><span><\/span><\/p>","protected":false},"featured_media":104378,"template":"","meta":[],"product_brand":[],"product_cat":[4206],"product_tag":[],"class_list":{"0":"post-104379","1":"product","2":"type-product","3":"status-publish","4":"has-post-thumbnail","6":"product_cat-underwear","7":"pa_brand-craft-retail-sportswear","8":"pa_brand-type-sportswear","9":"pa_filter-color-blau","10":"pa_filter-color-gruen","11":"pa_filter-color-pink","12":"pa_filter-color-schwarz","14":"first","15":"instock","16":"sale","17":"taxable","18":"shipping-taxable","19":"purchasable","20":"product-type-variable","21":"add-to-wishlist-before_image"},"exclude_global_add_ons":[],"addons":[],"acf":[],"_links":{"self":[{"href":"https:\/\/shop.kustom.ch\/fr\/wp-json\/wp\/v2\/product\/104379"}],"collection":[{"href":"https:\/\/shop.kustom.ch\/fr\/wp-json\/wp\/v2\/product"}],"about":[{"href":"https:\/\/shop.kustom.ch\/fr\/wp-json\/wp\/v2\/types\/product"}],"wp:featuredmedia":[{"embeddable":true,"href":"https:\/\/shop.kustom.ch\/fr\/wp-json\/wp\/v2\/media\/104378"}],"wp:attachment":[{"href":"https:\/\/shop.kustom.ch\/fr\/wp-json\/wp\/v2\/media?parent=104379"}],"wp:term":[{"taxonomy":"product_brand","embeddable":true,"href":"https:\/\/shop.kustom.ch\/fr\/wp-json\/wp\/v2\/product_brand?post=104379"},{"taxonomy":"product_cat","embeddable":true,"href":"https:\/\/shop.kustom.ch\/fr\/wp-json\/wp\/v2\/product_cat?post=104379"},{"taxonomy":"product_tag","embeddable":true,"href":"https:\/\/shop.kustom.ch\/fr\/wp-json\/wp\/v2\/product_tag?post=104379"}],"curies":[{"name":"wp","href":"https:\/\/api.w.org\/{rel}","templated":true}]}}