{"id":104275,"date":"2024-03-20T18:01:30","date_gmt":"2024-03-20T17:01:30","guid":{"rendered":"https:\/\/kustomshop.kinsta.cloud\/produkt\/progress-reversible-basket-shorts-w\/"},"modified":"2026-03-27T15:07:15","modified_gmt":"2026-03-27T14:07:15","slug":"progress-reversible-basket-shorts-w","status":"publish","type":"product","link":"https:\/\/shop.kustom.ch\/fr\/produit\/progress-reversible-basket-shorts-w\/","title":{"rendered":"Short de basket r\u00e9versible Progress W"},"content":{"rendered":"<p>Les shorts de basket-ball r\u00e9versibles Progress sont des shorts de basket-ball modernes qui peuvent \u00eatre port\u00e9s des deux c\u00f4t\u00e9s pour changer de couleur. Ce short en mati\u00e8re recycl\u00e9e \u00e0 une seule couche et \u00e0 deux c\u00f4t\u00e9s offre un design r\u00e9versible fin, l\u00e9ger et tr\u00e8s fonctionnel. De plus, ils sont doux au toucher et ont une coupe large pour offrir un grand confort et une libert\u00e9 de mouvement illimit\u00e9e. La ceinture \u00e9lastique avec cordon de serrage assure une tenue parfaite -Polyester recycl\u00e9 -Mod\u00e8le r\u00e9versible \u00e0 couches multiples -Mati\u00e8re douce et \u00e9lastique pour une meilleure respirabilit\u00e9 -Forme large -Ceinture \u00e9lastique avec cordon de serrage.<\/p>\n<p>Mati\u00e8re : polyester 100% - recycl\u00e9<\/p>","protected":false},"excerpt":{"rendered":"<p><span><\/span><\/p>","protected":false},"featured_media":104274,"template":"","meta":[],"product_brand":[],"product_cat":[4198],"product_tag":[],"class_list":{"0":"post-104275","1":"product","2":"type-product","3":"status-publish","4":"has-post-thumbnail","6":"product_cat-shorts","7":"pa_brand-craft-teamwear","8":"pa_brand-type-sportswear","9":"pa_filter-color-blau","10":"pa_filter-color-gruen","11":"pa_filter-color-rot","12":"pa_filter-color-schwarz","13":"pa_filter-color-weiss","15":"first","16":"instock","17":"sale","18":"taxable","19":"shipping-taxable","20":"purchasable","21":"product-type-variable","22":"add-to-wishlist-before_image"},"exclude_global_add_ons":[],"addons":[],"acf":[],"_links":{"self":[{"href":"https:\/\/shop.kustom.ch\/fr\/wp-json\/wp\/v2\/product\/104275"}],"collection":[{"href":"https:\/\/shop.kustom.ch\/fr\/wp-json\/wp\/v2\/product"}],"about":[{"href":"https:\/\/shop.kustom.ch\/fr\/wp-json\/wp\/v2\/types\/product"}],"wp:featuredmedia":[{"embeddable":true,"href":"https:\/\/shop.kustom.ch\/fr\/wp-json\/wp\/v2\/media\/104274"}],"wp:attachment":[{"href":"https:\/\/shop.kustom.ch\/fr\/wp-json\/wp\/v2\/media?parent=104275"}],"wp:term":[{"taxonomy":"product_brand","embeddable":true,"href":"https:\/\/shop.kustom.ch\/fr\/wp-json\/wp\/v2\/product_brand?post=104275"},{"taxonomy":"product_cat","embeddable":true,"href":"https:\/\/shop.kustom.ch\/fr\/wp-json\/wp\/v2\/product_cat?post=104275"},{"taxonomy":"product_tag","embeddable":true,"href":"https:\/\/shop.kustom.ch\/fr\/wp-json\/wp\/v2\/product_tag?post=104275"}],"curies":[{"name":"wp","href":"https:\/\/api.w.org\/{rel}","templated":true}]}}