{"id":104049,"date":"2024-03-20T18:00:22","date_gmt":"2024-03-20T17:00:22","guid":{"rendered":"https:\/\/kustomshop.kinsta.cloud\/produkt\/progress-reversible-basket-singlet-w\/"},"modified":"2026-03-27T15:35:02","modified_gmt":"2026-03-27T14:35:02","slug":"progress-reversible-basket-singlet-w","status":"publish","type":"product","link":"https:\/\/shop.kustom.ch\/fr\/produit\/progress-reversible-basket-singlet-w\/","title":{"rendered":"Progress Basket r\u00e9versible Singlet W"},"content":{"rendered":"<p>Le Progress Reversible Basket Singlet est un maillot de basket-ball moderne qui peut \u00eatre port\u00e9 des deux c\u00f4t\u00e9s pour changer de couleur. Ce d\u00e9bardeur en mati\u00e8re recycl\u00e9e \u00e0 une seule couche et \u00e0 deux c\u00f4t\u00e9s offre un design r\u00e9versible fin, l\u00e9ger et tr\u00e8s fonctionnel. Il est \u00e9galement doux au toucher et pr\u00e9sente une coupe ample pour un confort \u00e9lev\u00e9 et une libert\u00e9 de mouvement illimit\u00e9e.<\/p>\n<p>Mati\u00e8re : polyester 100% - recycl\u00e9<\/p>","protected":false},"excerpt":{"rendered":"<p><span><\/span><\/p>","protected":false},"featured_media":104048,"template":"","meta":[],"product_brand":[],"product_cat":[4202],"product_tag":[],"class_list":{"0":"post-104049","1":"product","2":"type-product","3":"status-publish","4":"has-post-thumbnail","6":"product_cat-tank-tops","7":"pa_brand-craft-teamwear","8":"pa_brand-type-sportswear","9":"pa_filter-color-blau","10":"pa_filter-color-gruen","11":"pa_filter-color-rot","12":"pa_filter-color-schwarz","13":"pa_filter-color-weiss","15":"first","16":"instock","17":"sale","18":"taxable","19":"shipping-taxable","20":"purchasable","21":"product-type-variable","22":"add-to-wishlist-before_image"},"exclude_global_add_ons":[],"addons":[],"acf":[],"_links":{"self":[{"href":"https:\/\/shop.kustom.ch\/fr\/wp-json\/wp\/v2\/product\/104049"}],"collection":[{"href":"https:\/\/shop.kustom.ch\/fr\/wp-json\/wp\/v2\/product"}],"about":[{"href":"https:\/\/shop.kustom.ch\/fr\/wp-json\/wp\/v2\/types\/product"}],"wp:featuredmedia":[{"embeddable":true,"href":"https:\/\/shop.kustom.ch\/fr\/wp-json\/wp\/v2\/media\/104048"}],"wp:attachment":[{"href":"https:\/\/shop.kustom.ch\/fr\/wp-json\/wp\/v2\/media?parent=104049"}],"wp:term":[{"taxonomy":"product_brand","embeddable":true,"href":"https:\/\/shop.kustom.ch\/fr\/wp-json\/wp\/v2\/product_brand?post=104049"},{"taxonomy":"product_cat","embeddable":true,"href":"https:\/\/shop.kustom.ch\/fr\/wp-json\/wp\/v2\/product_cat?post=104049"},{"taxonomy":"product_tag","embeddable":true,"href":"https:\/\/shop.kustom.ch\/fr\/wp-json\/wp\/v2\/product_tag?post=104049"}],"curies":[{"name":"wp","href":"https:\/\/api.w.org\/{rel}","templated":true}]}}